{"id":257,"date":"2025-08-27T18:29:16","date_gmt":"2025-08-27T16:29:16","guid":{"rendered":"http:\/\/dev.exocent.lu\/?page_id=257"},"modified":"2025-09-01T18:10:36","modified_gmt":"2025-09-01T16:10:36","slug":"indirizzo-ip-e-politica-dei-cookie","status":"publish","type":"page","link":"https:\/\/exocent.lu\/it\/indirizzo-ip-e-politica-dei-cookie\/","title":{"rendered":"indirizzo ip e politica dei cookie"},"content":{"rendered":"<div data-elementor-type=\"wp-page\" data-elementor-id=\"257\" class=\"elementor elementor-257\" data-elementor-post-type=\"page\">\n\t\t\t\t<div class=\"elementor-element elementor-element-51e2b7a e-flex e-con-boxed wpr-particle-no wpr-jarallax-no wpr-parallax-no wpr-sticky-section-no e-con e-parent\" data-id=\"51e2b7a\" data-element_type=\"container\">\n\t\t\t\t\t<div class=\"e-con-inner\">\n\t\t\t\t<div class=\"elementor-element elementor-element-98db9f1 elementor-widget elementor-widget-html\" data-id=\"98db9f1\" data-element_type=\"widget\" data-widget_type=\"html.default\">\n\t\t\t\t\t<!-- PAGE : IP Address and Cookie Policy (fond blanc, Arial noir) -->\r\n<div class=\"privacy\" role=\"document\" aria-label=\"Indirizzo IP e politica sui cookie\">\r\n  <style>\r\n    .privacy {\r\n      --fg: #111;\r\n      --muted: #555;\r\n      --line: #e9e9e9;\r\n      font-family: Arial, Helvetica, sans-serif;\r\n      color: var(--fg);\r\n      background: #fff;\r\n    }\r\n    .privacy .wrap {\r\n      max-width: 900px;\r\n      margin: 0 auto;\r\n      padding: 36px 22px;\r\n    }\r\n    .privacy h1 {\r\n      font-size: 30px;\r\n      line-height: 1.2;\r\n      margin: 0 0 16px;\r\n    }\r\n    .privacy h2 {\r\n      font-size: 22px;\r\n      margin: 26px 0 10px;\r\n    }\r\n    .privacy h3 {\r\n      font-size: 18px;\r\n      margin: 18px 0 8px;\r\n    }\r\n    .privacy p {\r\n      margin: 10px 0;\r\n      line-height: 1.75;\r\n    }\r\n    .privacy ul {\r\n      margin: 10px 0 10px 22px;\r\n    }\r\n    .privacy li {\r\n      margin: 6px 0;\r\n      line-height: 1.7;\r\n    }\r\n    .privacy .hr {\r\n      height: 1px;\r\n      background: linear-gradient(90deg, transparent, var(--line), transparent);\r\n      margin: 22px 0;\r\n      border: 0;\r\n    }\r\n    .privacy .toc {\r\n      display: flex;\r\n      flex-wrap: wrap;\r\n      gap: 10px;\r\n      margin: 6px 0 18px;\r\n    }\r\n    .privacy .toc a {\r\n      font-size: 13px;\r\n      padding: 8px 10px;\r\n      border: 1px solid var(--line);\r\n      border-radius: 999px;\r\n      color: var(--fg);\r\n      text-decoration: none;\r\n    }\r\n    .privacy .toc a:hover {\r\n      background: #f6f6f6;\r\n    }\r\n    html {\r\n      scroll-behavior: smooth;\r\n    }\r\n  <\/style>\r\n\r\n  <div class=\"wrap\">\r\n    <h1>Indirizzo IP e politica sui cookie<\/h1>\r\n\r\n    <!-- Sommaire interactif -->\r\n    <nav class=\"toc\" aria-label=\"Indice dei contenuti\">\r\n      <a href=\"#intro\">Introduzione<\/a>\r\n      <a href=\"#visit\">Visita al sito web<\/a>\r\n      <a href=\"#whatis\">Che cos'\u00e8 un indirizzo IP?<\/a>\r\n      <a href=\"#collect\">Come raccogliamo il vostro indirizzo IP<\/a>\r\n      <a href=\"#use\">Cosa facciamo con il vostro indirizzo IP?<\/a>\r\n      <a href=\"#cookies\">Cosa sono i biscotti?<\/a>\r\n      <a href=\"#cookies-data\">Quali informazioni raccogliamo dai cookie?<\/a>\r\n      <a href=\"#cookies-accept\">Accettazione e blocco dei cookie<\/a>\r\n      <a href=\"#social-media\">Caratteristiche dei social media<\/a>\r\n    <\/nav>\r\n\r\n    <div class=\"hr\" aria-hidden=\"true\"><\/div>\r\n\r\n    <h2 id=\"intro\">Introduzione<\/h2>\r\n    <p>Exocent Speculative Hedge Fund SCSp, una societ\u00e0 in accomandita speciale lussemburghese...<\/p>\r\n    <ul>\r\n      <li>informazioni personali, tra cui il vostro nome e cognome; e<\/li>\r\n      <li>informazioni aggregate generate dai cookie e dal vostro indirizzo IP.<\/li>\r\n    <\/ul>\r\n    <p>Utilizzando il sito, l'utente accetta questa politica...<\/p>\r\n\r\n    <h2 id=\"visit\">2.1 Cosa succede quando si visita il sito web<\/h2>\r\n    <p>Quando si avvia o si riavvia il computer, viene assegnato un indirizzo IP...<\/p>\r\n\r\n    <h2 id=\"whatis\">2.2 Che cos'\u00e8 un indirizzo IP?<\/h2>\r\n    <p>L'indirizzo IP \u00e8 l'indirizzo univoco del computer su Internet...<\/p>\r\n\r\n    <h2 id=\"collect\">2.3 Come raccogliamo il vostro indirizzo IP?<\/h2>\r\n    <p>Ogni volta che si visita una pagina, il computer invia una richiesta con il proprio IP come indirizzo di ritorno...<\/p>\r\n\r\n    <h2 id=\"use\">2.4 Cosa facciamo con il vostro indirizzo IP?<\/h2>\r\n    <p>Utilizziamo i dati IP per analisi, statistiche geografiche, diagnostica e miglioramento dell'esperienza utente...<\/p>\r\n\r\n    <h2 id=\"cookies\">3.1 Cosa sono i cookie?<\/h2>\r\n    <p>I cookie sono piccoli file di testo memorizzati sul dispositivo dell'utente per aiutare i siti web a ricordare...<\/p>\r\n\r\n    <h2 id=\"cookies-data\">3.2 Quali informazioni raccogliamo dai cookie?<\/h2>\r\n    <ul>\r\n      <li>Data e durata della visita<\/li>\r\n      <li>Pagine viste<\/li>\r\n      <li>Il vostro indirizzo IP<\/li>\r\n      <li>Browser e versione del sistema operativo<\/li>\r\n    <\/ul>\r\n\r\n    <h2 id=\"cookies-accept\">3.3 Accettazione e blocco dei cookie<\/h2>\r\n    <p>\u00c8 possibile rifiutare o eliminare i cookie tramite le impostazioni del browser. Ci\u00f2 potrebbe influire sulla vostra esperienza.<\/p>\r\n\r\n    <h2 id=\"social-media\">Funzionalit\u00e0 e widget per i social media<\/h2>\r\n    <p>Il sito web pu\u00f2 includere plugin di social media che raccolgono i dati IP e i cookie dell'utente...<\/p>\r\n  <\/div>\r\n<\/div>\r\n\t\t\t\t<\/div>\n\t\t\t\t\t<\/div>\n\t\t\t\t<\/div>\n\t\t\t\t<\/div>","protected":false},"excerpt":{"rendered":"<p>IP Address and Cookie Policy Introduction Visit to the website What is an IP address? How do we collect your IP address What do we do with your IP address? What are cookies? What info do we collect from cookies? Acceptance and blocking of cookies Social media features Introduction Exocent Speculative Hedge Fund SCSp, a Luxembourg special limited partnership (soci\u00e9t\u00e9 commandite sp\u00e9ciale)&#8230; personal information, including your name and surname; and aggregate information generated from cookies and your IP address. By using the site, you agree to this policy&#8230; 2.1 What happens when you visit the website When you boot or restart your computer, you are assigned an IP address&#8230; 2.2 What is an IP address? An IP address is your computer\u2019s unique address on the Internet&#8230; 2.3 How do we collect your IP address Each time you visit a page, your computer sends a request with your IP as return address&#8230; 2.4 What do we do with your IP address? We use IP data for analytics, geographic statistics, diagnostics and improving user experience&#8230; 3.1 What are cookies? Cookies are small text files stored on your device to help websites remember you&#8230; 3.2 What info do we collect from cookies? Date and duration of visit Pages viewed Your IP address Browser and OS version 3.3 Acceptance and blocking of cookies You can refuse or delete cookies via your browser settings. This may impact your experience. Social media features and widgets The website may include social media plugins that collect your IP and cookie data&#8230;<\/p>","protected":false},"author":2,"featured_media":0,"parent":0,"menu_order":0,"comment_status":"closed","ping_status":"closed","template":"","meta":{"footnotes":""},"class_list":["post-257","page","type-page","status-publish","hentry"],"_links":{"self":[{"href":"https:\/\/exocent.lu\/it\/wp-json\/wp\/v2\/pages\/257","targetHints":{"allow":["GET"]}}],"collection":[{"href":"https:\/\/exocent.lu\/it\/wp-json\/wp\/v2\/pages"}],"about":[{"href":"https:\/\/exocent.lu\/it\/wp-json\/wp\/v2\/types\/page"}],"author":[{"embeddable":true,"href":"https:\/\/exocent.lu\/it\/wp-json\/wp\/v2\/users\/2"}],"replies":[{"embeddable":true,"href":"https:\/\/exocent.lu\/it\/wp-json\/wp\/v2\/comments?post=257"}],"version-history":[{"count":7,"href":"https:\/\/exocent.lu\/it\/wp-json\/wp\/v2\/pages\/257\/revisions"}],"predecessor-version":[{"id":671,"href":"https:\/\/exocent.lu\/it\/wp-json\/wp\/v2\/pages\/257\/revisions\/671"}],"wp:attachment":[{"href":"https:\/\/exocent.lu\/it\/wp-json\/wp\/v2\/media?parent=257"}],"curies":[{"name":"wp","href":"https:\/\/api.w.org\/{rel}","templated":true}]}}