{"id":255,"date":"2025-08-27T18:28:18","date_gmt":"2025-08-27T16:28:18","guid":{"rendered":"http:\/\/dev.exocent.lu\/?page_id=255"},"modified":"2025-09-01T17:39:28","modified_gmt":"2025-09-01T15:39:28","slug":"informativa-sulla-privacy","status":"publish","type":"page","link":"https:\/\/exocent.lu\/it\/informativa-sulla-privacy\/","title":{"rendered":"INFORMATIVA SULLA PRIVACY"},"content":{"rendered":"<div data-elementor-type=\"wp-page\" data-elementor-id=\"255\" class=\"elementor elementor-255\" data-elementor-post-type=\"page\">\n\t\t\t\t<div class=\"elementor-element elementor-element-fb149cf e-flex e-con-boxed wpr-particle-no wpr-jarallax-no wpr-parallax-no wpr-sticky-section-no e-con e-parent\" data-id=\"fb149cf\" data-element_type=\"container\">\n\t\t\t\t\t<div class=\"e-con-inner\">\n\t\t\t\t<div class=\"elementor-element elementor-element-c608d18 elementor-widget elementor-widget-html\" data-id=\"c608d18\" data-element_type=\"widget\" data-widget_type=\"html.default\">\n\t\t\t\t\t<!-- PAGE : Data Privacy (fond blanc, Arial noir) -->\r\n<div class=\"privacy\" role=\"document\" aria-label=\"Informativa sulla privacy\">\r\n  <style>\r\n    .privacy{ --fg:#111; --muted:#555; --line:#e9e9e9; font-family:Arial, Helvetica, sans-serif; color:var(--fg); background:#fff; }\r\n    .privacy .wrap{max-width:900px;margin:0 auto;padding:36px 22px}\r\n    .privacy h1{font-size:30px;line-height:1.2;margin:0 0 16px}\r\n    .privacy h2{font-size:22px;margin:26px 0 10px}\r\n    .privacy h3{font-size:18px;margin:18px 0 8px}\r\n    .privacy p{margin:10px 0;line-height:1.75}\r\n    .privacy ul{margin:10px 0 10px 22px}\r\n    .privacy li{margin:6px 0; line-height:1.7}\r\n    .privacy .hr{height:1px;background:linear-gradient(90deg,transparent,var(--line),transparent);margin:22px 0;border:0}\r\n    .privacy .toc{display:flex;flex-wrap:wrap;gap:10px;margin:6px 0 18px}\r\n    .privacy .toc a{font-size:13px;padding:8px 10px;border:1px solid var(--line);border-radius:999px;color:var(--fg);text-decoration:none}\r\n    .privacy .toc a:hover{background:#f6f6f6}\r\n    html{scroll-behavior:smooth}\r\n  <\/style>\r\n\r\n  <div class=\"wrap\">\r\n    <h1>Informativa sulla privacy<\/h1>\r\n\r\n    <!-- Sommaire -->\r\n    <nav class=\"toc\" aria-label=\"Indice dei contenuti\">\r\n      <a href=\"#legal-framework\">Quadro giuridico<\/a>\r\n      <a href=\"#general-requirements\">Requisiti generali<\/a>\r\n      <a href=\"#controller-contact\">Chi \u00e8 il responsabile del trattamento dei dati e chi contattare?<\/a>\r\n      <a href=\"#personal-data\">Che tipo di dati personali vengono trattati?<\/a>\r\n      <a href=\"#recipients\">Come riceviamo i vostri dati personali e chi sono i destinatari?<\/a>\r\n      <a href=\"#purposes\">Per quali finalit\u00e0 trattiamo i vostri Dati personali?<\/a>\r\n      <a href=\"#automated\">Processo decisionale automatizzato<\/a>\r\n      <a href=\"#retention\">Per quanto tempo conserviamo i vostri dati personali?<\/a>\r\n      <a href=\"#rights\">Diritti dell'interessato<\/a>\r\n      <a href=\"#transfers\">Trasferimento dei dati al di fuori dello Spazio Economico Europeo<\/a>\r\n      <a href=\"#changes\">Modifiche all'informativa sulla privacy e all'obbligo di informazione<\/a>\r\n      <a href=\"#additional\">Informazioni aggiuntive<\/a>\r\n    <\/nav>\r\n\r\n    <div class=\"hr\" aria-hidden=\"true\"><\/div>\r\n\r\n    <h2 id=\"legal-framework\">Quadro giuridico<\/h2>\r\n    <p>In conformit\u00e0 alle disposizioni del Regolamento (UE) 2016\/679 del Parlamento europeo e del Consiglio, del 27 aprile 2016, relativo alla protezione delle persone fisiche con riguardo al trattamento dei dati personali, nonch\u00e9 alla libera circolazione di tali dati e che abroga la direttiva 95\/46\/CE (\"GDPR\") e di qualsiasi legge, circolare o regolamento nel contesto del GDPR, come di volta in volta modificato, i dati personali possono essere trattati da Exocent Fund, dalla GFIA e dai loro fornitori di servizi.<\/p>\r\n    <p>Exocent Fund e GFIA agiranno in qualit\u00e0 di responsabili del trattamento dei dati.<\/p>\r\n    <p>Ai sensi degli articoli 13 e 14 del GDPR, il titolare del trattamento deve fornire agli interessati alcune informazioni, dettagliate nella presente informativa.<\/p>\r\n    <p>Per Soggetti interessati si intendono le persone fisiche identificate o identificabili i cui dati personali sono trattati da Exocent Fund\/il Partner Generale, o dall'Amministratore dell'OICR e dall'Agente domiciliatario in qualit\u00e0 di responsabili del trattamento (i \"Responsabili del trattamento\") per conto di Exocent Fund, quali (i) i soci accomandanti di Exocent Fund, i loro titolari effettivi finali, amministratori, agenti, rappresentanti autorizzati, i loro referenti designati (gli \"Investitori\"), (ii) i titolari effettivi, gli amministratori, gli agenti, i rappresentanti autorizzati, i membri dei comitati di investimento o dei comitati consultivi e i referenti designati del General Partner, di Exocent Fund, dei fornitori di servizi o degli investimenti in portafoglio di Exocent Fund (i \"Rappresentanti\" e, insieme agli Investitori, i \"Soggetti interessati\").<\/p>\r\n    <p>I Responsabili del trattamento possono anche agire come titolari autonomi del trattamento quando determinano le finalit\u00e0 e i mezzi del trattamento.<\/p>\r\n    <p>Per dati personali si intendono tutte le informazioni (come meglio specificato nella sezione 2.2. di seguito) relative a un Soggetto interessato identificato o identificabile (i \"Dati personali\").<\/p>\r\n\r\n    <h2 id=\"general-requirements\">Requisiti generali<\/h2>\r\n    <h3 id=\"controller-contact\">Chi \u00e8 il responsabile del trattamento dei dati e chi contattare?<\/h3>\r\n    <p>Exocent Fund\/il GFIA agisce in qualit\u00e0 di responsabile del trattamento dei dati, determinando le finalit\u00e0 e i mezzi del trattamento.<\/p>\r\n    <p>Il titolare del trattamento e i fornitori di servizi raccolgono, conservano ed elaborano con mezzi elettronici o di altro tipo i Dati personali forniti dagli Interessati, allo scopo di: (i) adempiere ai servizi relativi a un investimento in Exocent Fund da parte degli Investitori; (ii) svolgere servizi per il General Partner e Exocent Fund; e (ii) adempiere ai loro obblighi legali e in particolare in conformit\u00e0 alle disposizioni del GDPR.<\/p>\r\n    <p>Gli interessati che desiderano contattare il titolare del trattamento devono rivolgersi a:<\/p>\r\n    <p><strong>Per iscritto al seguente indirizzo:<\/strong> Exocent Partners GP SA.<br>\r\n    22, Rue Jean Wolter, L - 3544 Dudelange, Granducato di Lussemburgo : Consiglio di Amministrazione<\/p>\r\n    <p>Avete il diritto di presentare un reclamo in qualsiasi momento all'autorit\u00e0 di controllo competente in materia di protezione dei dati, in particolare all'autorit\u00e0 di controllo del luogo di residenza abituale o del luogo di lavoro. Nel caso del Lussemburgo, si tratta della Commission Nationale pour la Protection des Donn\u00e9es (\"CNPD\"). Tuttavia, apprezzeremmo l'opportunit\u00e0 di trattare i vostri dubbi prima che vi rivolgiate all'autorit\u00e0 di vigilanza, pertanto vi invitiamo a contattarci in prima istanza.<\/p>\r\n\r\n    <h2 id=\"personal-data\">Che tipo di dati personali vengono trattati?<\/h2>\r\n    <p>I dati personali comprendono, a titolo esemplificativo e non esaustivo: il nome, l'indirizzo, i dati del passaporto o della carta d'identit\u00e0, i dati del conto bancario, l'importo concesso e la situazione finanziaria di ciascun Soggetto interessato.<\/p>\r\n    <p>In particolare i Dati Personali degli Interessati trattati comprendono, a titolo esemplificativo e non esaustivo, le seguenti categorie:<\/p>\r\n    <ul>\r\n      <li>dati identificativi (ad esempio, nome, data di nascita, luogo di nascita, sesso, stato civile, e-mail, indirizzo postale, numero di telefono, paese di residenza, passaporto, carta d'identit\u00e0, codice fiscale e coordinate bancarie);<\/li>\r\n      <li>dettagli di contatto;<\/li>\r\n      <li>fonte di ricchezza;<\/li>\r\n      <li>specifiche informazioni personali e professionali quando l'Interessato \u00e8 un Rappresentante; e<\/li>\r\n      <li>qualsiasi altra informazione fornita dagli interessati nell'ambito dei servizi loro forniti.<\/li>\r\n    <\/ul>\r\n\r\n    <h2 id=\"recipients\">Come riceviamo i vostri dati personali e chi sono i destinatari?<\/h2>\r\n    <p>I dati personali possono essere raccolti, registrati, archiviati, adattati, trasferiti o altrimenti trattati da Exocent Fund, dal General Partner e dai loro fornitori di servizi.<\/p>\r\n    <p>I dati personali sono ricevuti direttamente dall'interessato o tramite fornitori di servizi.<\/p>\r\n    <p>I seguenti soggetti possono avere accesso ai Dati personali:<\/p>\r\n    <ul>\r\n      <li>Fondo Exocent;<\/li>\r\n      <li>Il socio accomandatario;<\/li>\r\n      <li>Amministratore UCI;<\/li>\r\n      <li>Forvis Mazars; e<\/li>\r\n      <li>Swissquote Bank Europe SA.<\/li>\r\n    <\/ul>\r\n    <p>Anche eventuali affiliati o delegati dei suddetti soggetti, i dipendenti di tali soggetti, i consulenti legali e professionali nominati da tali soggetti possono avere accesso ai Dati personali, in relazione alle operazioni del General Partner o di Exocent Fund.<\/p>\r\n    <p>Il\/i titolare\/i del trattamento pu\u00f2\/possono subappaltare a un'altra entit\u00e0, il responsabile del trattamento (come i fornitori di servizi), l'elaborazione dei Dati personali. I responsabili del trattamento possono anche avvalersi di sub-incaricati.<\/p>\r\n    <p>Quando i titolari del trattamento si avvalgono di responsabili del trattamento (come i fornitori di servizi), i titolari del trattamento devono assicurarsi che tali responsabili forniscano garanzie sufficienti per l'attuazione di misure tecniche e organizzative adeguate e che tale trattamento per conto dei titolari del trattamento soddisfi i requisiti del GDPR e garantisca la protezione dei diritti degli interessati.<\/p>\r\n    <p>Quando le informazioni non vengono raccolte direttamente dall'Interessato, la persona che fornisce i Dati personali si impegna a informare l'Interessato finale sul trattamento dei suoi Dati personali e sui suoi diritti. La persona che fornisce i dati personali deve trasferire le informazioni descritte nella presente informativa sulla privacy all'interessato o agli interessati in modo che possano esercitare correttamente i loro diritti.<\/p>\r\n\r\n    <h2 id=\"purposes\">Per quali finalit\u00e0 trattiamo i vostri Dati personali?<\/h2>\r\n    <h3>Ai fini di un obbligo contrattuale<\/h3>\r\n    <p>Trattiamo i vostri dati personali in relazione al vostro investimento in Exocent Fund. Le informazioni richieste sono necessarie per effettuare un investimento in Exocent Fund. A questo proposito, i dati personali possono essere trattati per le seguenti finalit\u00e0:<\/p>\r\n    <ul>\r\n      <li>mantenere il registro dei soci di Exocent Fund; e<\/li>\r\n      <li>elaborare le sottoscrizioni e i rimborsi di azioni e i pagamenti delle distribuzioni ai soci di Exocent Fund.<\/li>\r\n    <\/ul>\r\n    <p>Trattiamo i vostri Dati personali in relazione al vostro mandato\/ruolo di Rappresentante.<\/p>\r\n    <h3>Per la conformit\u00e0 a leggi e regolamenti<\/h3>\r\n    <p>Exocent Fund, il General Partner, i fornitori di servizi e tutte le loro affiliate sono soggetti a vari obblighi legali ai sensi delle leggi (ad esempio leggi del settore finanziario, leggi contro il riciclaggio di denaro e la lotta al finanziamento del terrorismo, leggi fiscali) e dei requisiti normativi.<\/p>\r\n    <p>Ci\u00f2 riguarda l'elaborazione dei vostri Dati personali ai fini della conformit\u00e0 alle leggi applicabili, quali la legislazione applicabile in materia di Know-Your-Customer (\"KYC\") e di lotta al riciclaggio di denaro e al finanziamento del terrorismo (\"AML\/CFT\"), la conformit\u00e0 alle richieste o ai requisiti delle autorit\u00e0 di controllo locali o estere, identificazione e rendicontazione fiscale (se del caso), in particolare ai sensi della Direttiva 2011\/16\/UE del Consiglio sulla cooperazione amministrativa nel settore fiscale (modificata dalla Direttiva 2014\/107\/UE del Consiglio), dello standard dell'OCSE per lo scambio automatico di informazioni sui conti finanziari, comunemente noto come Common Reporting Standard, ai fini della legge sulla tassazione e l'adempimento dei conti esteri, per lo scambio automatico di informazioni e di qualsiasi altro regime di scambio di informazioni a cui potremmo essere soggetti di volta in volta.<\/p>\r\n    <p>I vostri Dati personali possono essere condivisi con le autorit\u00e0 fiscali lussemburghesi (o con i fornitori di servizi ai fini della rendicontazione) e possono essere trasmessi da queste ultime alle autorit\u00e0 fiscali estere (la mancata comunicazione di informazioni corrette o la mancata risposta possono comportare una rendicontazione errata o doppia).<\/p>\r\n\r\n    <h2 id=\"automated\">Processo decisionale automatizzato<\/h2>\r\n    <p>Gli interessati devono notare che i dati personali non saranno utilizzati per il marketing diretto, la profilazione o il processo decisionale automatizzato.<\/p>\r\n\r\n    <h2 id=\"retention\">Per quanto tempo conserviamo i vostri dati personali?<\/h2>\r\n    <p>I vostri dati personali saranno conservati in una forma che ne consenta l'identificazione per la durata del servizio per il quale sono stati raccolti (ossia per la durata del vostro investimento in Exocent Fund, di un investimento di portafoglio effettuato da Exocent Fund, o per la durata del vostro mandato) e per il periodo di tempo richiesto dalla legge applicabile.<\/p>\r\n    <p>Le leggi lussemburghesi in materia di KYC e AML\/CFT prevedono che i documenti siano conservati per un periodo di cinque (5) o dieci (10) anni (a seconda del trattamento specifico) dopo la fine del rapporto e come consigliabile alla luce di una prescrizione applicabile.<\/p>\r\n\r\n    <h2 id=\"rights\">Diritti dell'interessato<\/h2>\r\n    <p>Ogni Interessato ha:<\/p>\r\n    <ul>\r\n      <li>a) il diritto di accedere ai propri dati personali trattati da o per conto dei responsabili del trattamento. Gli interessati devono inviare le loro richieste come indicato nella sezione 2.1 ;<\/li>\r\n      <li>b) il diritto di far rettificare i propri dati personali qualora siano errati o incompleti;<\/li>\r\n      <li>c) il diritto di richiedere la cancellazione (diritto all'oblio) dei propri Dati Personali in conformit\u00e0 alle disposizioni dell'articolo 17 del GDPR, anche nelle seguenti situazioni: (i) qualora i Dati Personali non siano pi\u00f9 necessari in relazione alla sottoscrizione da parte dell'Investitore di Exocent Fund, delle societ\u00e0 di portafoglio in cui Exocent Fund investe o di un mandato nel General Partner o in Exocent Fund; e (ii) l'Interessato si opponga al trattamento dei propri Dati Personali e non sussistano motivi legittimi prevalenti per il trattamento; e (iii) qualora i dati siano stati trattati illecitamente;<\/li>\r\n      <li>d) il diritto di richiedere la limitazione del trattamento in conformit\u00e0 alle disposizioni dell'articolo 18 del GDPR;<\/li>\r\n      <li>e) il diritto di presentare un reclamo al CNPD o all'autorit\u00e0 competente dello Stato membro in cui l'Interessato risiede o lavora, conformemente alle disposizioni dell'articolo 77 del GDPR; e<\/li>\r\n      <li>f) il diritto di ricevere i Dati Personali che lo riguardano o di chiederne la trasmissione ad un altro titolare del trattamento, ove possibile, secondo quanto previsto dall'articolo 20 del GDPR.<\/li>\r\n    <\/ul>\r\n    <p>Per presentare una qualsiasi delle richieste di cui sopra, \u00e8 necessario inoltrare la richiesta per iscritto, indirizzandola come indicato nella sezione 2.1 della presente informativa.<\/p>\r\n\r\n    <h2 id=\"transfers\">Trasferimento dei dati al di fuori dello Spazio Economico Europeo<\/h2>\r\n    <p>I Dati Personali degli Interessati possono essere trattati dai fornitori di servizi o dai loro sub-processori in conformit\u00e0 alle finalit\u00e0 consentite, come indicato nel Documento di Emissione di Exocent Fund e nell'accordo di sottoscrizione di Exocent Fund, anche nel caso in cui tali entit\u00e0 autorizzate siano situate al di fuori del Lussemburgo o dell'Unione Europea, in giurisdizioni in cui le leggi sulla riservatezza e sulla protezione dei Dati Personali potrebbero non esistere o essere di livello inferiore rispetto all'Unione Europea. In questo caso, qualsiasi trasferimento di Dati personali a un paese terzo avr\u00e0 luogo solo se sono state messe in atto garanzie appropriate o idonee per gli Interessati il fornitore di servizi che trasferisce i Dati personali dovr\u00e0 stipulare un accordo di trasferimento dei dati nella forma delle clausole contrattuali modello approvate dalla Commissione UE (come modificate di volta in volta) o dovr\u00e0 adottare qualsiasi altra misura che soddisfi i requisiti della Legge sulla protezione dei dati per tale divulgazione, garantendo contrattualmente che i Dati personali siano protetti in modo equivalente alla protezione offerta ai sensi delle leggi lussemburghesi sulla protezione dei dati. L'Interessato pu\u00f2 ottenere una copia dell'elenco dei paesi in cui i suoi Dati Personali possono essere trattati presso l'indirizzo registrato di Exocent Fund.<\/p>\r\n\r\n    <h2 id=\"changes\">Modifiche all'informativa sulla privacy e obbligo di informarci dei cambiamenti<\/h2>\r\n    <p>\u00c8 indispensabile che i Dati personali in nostro possesso siano sempre accurati e aggiornati. In caso contrario, ci\u00f2 comprometter\u00e0 la nostra capacit\u00e0 di fornirvi i servizi richiesti (oltre ad altri potenziali problemi). Vi preghiamo di informarci se i vostri dati personali cambiano nel corso del nostro impegno e del nostro rapporto professionale con voi.<\/p>\r\n    <p>Le modifiche alla presente informativa sulla privacy saranno rese disponibili presso la sede legale di Exocent Fund e su questo sito web.<\/p>\r\n\r\n    <h2 id=\"additional\">Informazioni aggiuntive<\/h2>\r\n    <p>Exocent Fund o il General Partner possono richiedere al Soggetto interessato di fornire documenti di identificazione aggiuntivi o aggiornati di volta in volta in base ai requisiti di due diligence del cliente in corso ai sensi delle leggi, dei regolamenti e delle circolari pertinenti, e i Soggetti interessati dovranno ottemperare a tali richieste. I Soggetti interessati devono tenere presente che i dati trattati possono essere ottenuti dai fornitori di servizi o da registri pubblici, se disponibili. Gli interessati devono essere consapevoli che le informazioni fornite qui sopra possono essere soggette a modifiche.<\/p>\r\n  <\/div>\r\n<\/div>\r\n\t\t\t\t<\/div>\n\t\t\t\t\t<\/div>\n\t\t\t\t<\/div>\n\t\t\t\t<\/div>","protected":false},"excerpt":{"rendered":"<p>Data Privacy Notice Legal Framework General Requirements Who is the data controller and who to contact? What kind of Personal Data is processed? How do we receive your Personal Data and who are the recipients? For which purposes do we process your Personal Data? Automated decision making For how long do we keep your Personal Data? Rights of the Data Subject Transfer of data outside European Economic Area Changes to the privacy notice and duty to inform Additional information Legal Framework In accordance with the provisions of the Regulation (EU) 2016\/679 of the European Parliament and of the Council of 27 April 2016 on the protection of natural persons with regard to the processing of personal data and on the free movement of such data, and repealing Directive 95\/46\/EC (\u201cGDPR\u201d) and any law, circular or regulation in the context of GDPR, as amended from time to time, personal data may be processed by Exocent Fund, the GFIA, and their service providers. Exocent Fund and GFIA will act as data controller. In accordance with articles 13 and 14 of GDPR, some information, as detailed in the present notice, must be provided by the data controller to Data Subjects. Data Subjects should be understood as identified or identifiable natural persons whose personal data is processed by Exocent Fund\/the General Partner, or by UCI Administrator and Domiciliary Agent as data processors (the \u201cData Processors\u201d) on behalf of the Exocent Fund, such as (i) the limited partners of Exocent Fund, their ultimate beneficial owners, directors, agents, authorised representatives, their designated contact persons (the \u201cInvestors\u201d), (ii) the ultimate beneficial owners, directors, agents, authorised representatives, members of investment committees or advisory committees and designated contact persons of the General Partner, Exocent Fund, service providers or the portfolio investments of Exocent Fund (the \u201cRepresentatives\u201d and together with the Investors, the \u201cData Subjects\u201d). The Data Processors may also act as independent data controllers when they determine the purposes and means of processing. Personal data should be understood as any information (as more detailed in section 2.2. below) relating to an identified or identifiable Data Subject (the \u201cPersonal Data\u201d). General Requirements Who is the data controller and who to contact? Exocent Fund\/the GFIA acts as data controller, determining the purpose and means of processing. The data controller and the service providers collect, store and process by electronic or other means the Personal Data supplied by the Data Subjects, for the purpose of: (i) fulfilling the services related to an investment in Exocent Fund by the Investors; (ii) performing services for the General Partner and Exocent Fund; and (ii) to comply with their legal obligations and specifically in compliance with the provisions of GDPR. Data Subjects who wish to contact the data controller should contact: In writing at the following address: Exocent Partners GP SA. 22, Rue Jean Wolter, L \u2013 3544 Dudelange, Grand Duchy of Luxembourg : Board of Directors You have the right to lodge a complaint at any time to the competent supervisory authority on data protection matters, such as in particular the supervisory authority in the place of your habitual residence or your place of work. In the case of Luxembourg, this is the Commission Nationale pour la Protection des Donn\u00e9es (\u201cCNPD\u201d). We would, however, appreciate the opportunity to deal with your concerns before you approach the supervisory authority, so please contact us in the first instance. What kind of Personal Data is processed? Personal Data includes, but it is not limited to: the name, address, passport or identification card details, bank account details, granted amount and financial situation of each Data Subject. In particular the Personal Data of the Data Subjects processed includes, but it is not limited to, the following categories: identification data (e.g. name, date of birth, place of birth, gender, marital status, e-mail, postal address, telephone number, country of residence, passport, identity card, tax identification number and bank account details); contact details; source of wealth; specific personal and professional information when the Data Subject is a Representative; and any other information provided by the Data Subjects in the context of services provided to them. How do we receive your Personal Data and who are the recipients? Personal Data may be collected, recorded, stored, adapted, transferred or otherwise processed by Exocent Fund, the General Partner and their service providers. Personal Data is received either directly from the Data Subject or through service providers. The following parties may have access to the Personal Data: Exocent Fund; The General Partner; UCI Administrator; Forvis Mazars; and Swissquote Bank Europe SA. Any affiliates or delegates of the foregoing, the employees of those entities, the appointed legal and professional advisers of those entities may also have access to the Personal Data, in connection with the operations of the General Partner or Exocent Fund. The data controller(s) may sub-contract to another entity, the data processor (such as the service providers), the processing of Personal Data. The data processors may also engage sub-processors. When the data controller(s) use data processors (such as the service providers), the data controller(s) shall ensure that such data processors provide sufficient guarantees to implement appropriate technical and organisational measures and that such processing on behalf of the data controller(s) meet the requirements of GDPR and ensure the protection of the rights of the Data Subjects. When information is not collected directly from the Data Subject, the person providing the Personal Data shall ensure to inform the end Data Subject about the processing of his\/her Personal Data and his\/her related rights. The person providing the Personal Data shall transfer the information described in this privacy notice to the relevant Data Subject(s) so they can properly exercise their rights. For which purposes do we process your Personal Data? For the purposes of a contractual obligation We process your Personal Data in relation to your investment in Exocent Fund. The information required is necessary for you to make an investment in Exocent Fund. In this regard Personal Data may be processed for the following purposes: maintaining the<\/p>","protected":false},"author":2,"featured_media":0,"parent":0,"menu_order":0,"comment_status":"closed","ping_status":"closed","template":"","meta":{"footnotes":""},"class_list":["post-255","page","type-page","status-publish","hentry"],"_links":{"self":[{"href":"https:\/\/exocent.lu\/it\/wp-json\/wp\/v2\/pages\/255","targetHints":{"allow":["GET"]}}],"collection":[{"href":"https:\/\/exocent.lu\/it\/wp-json\/wp\/v2\/pages"}],"about":[{"href":"https:\/\/exocent.lu\/it\/wp-json\/wp\/v2\/types\/page"}],"author":[{"embeddable":true,"href":"https:\/\/exocent.lu\/it\/wp-json\/wp\/v2\/users\/2"}],"replies":[{"embeddable":true,"href":"https:\/\/exocent.lu\/it\/wp-json\/wp\/v2\/comments?post=255"}],"version-history":[{"count":4,"href":"https:\/\/exocent.lu\/it\/wp-json\/wp\/v2\/pages\/255\/revisions"}],"predecessor-version":[{"id":656,"href":"https:\/\/exocent.lu\/it\/wp-json\/wp\/v2\/pages\/255\/revisions\/656"}],"wp:attachment":[{"href":"https:\/\/exocent.lu\/it\/wp-json\/wp\/v2\/media?parent=255"}],"curies":[{"name":"wp","href":"https:\/\/api.w.org\/{rel}","templated":true}]}}