{"id":247,"date":"2025-08-27T18:26:17","date_gmt":"2025-08-27T16:26:17","guid":{"rendered":"http:\/\/dev.exocent.lu\/?page_id=247"},"modified":"2025-09-01T18:23:37","modified_gmt":"2025-09-01T16:23:37","slug":"informazioni-legali","status":"publish","type":"page","link":"https:\/\/exocent.lu\/it\/informazioni-legali\/","title":{"rendered":"Informazioni legali"},"content":{"rendered":"<div data-elementor-type=\"wp-page\" data-elementor-id=\"247\" class=\"elementor elementor-247\" data-elementor-post-type=\"page\">\n\t\t\t\t<div class=\"elementor-element elementor-element-3ec288b e-flex e-con-boxed wpr-particle-no wpr-jarallax-no wpr-parallax-no wpr-sticky-section-no e-con e-parent\" data-id=\"3ec288b\" data-element_type=\"container\">\n\t\t\t\t\t<div class=\"e-con-inner\">\n\t\t\t\t<div class=\"elementor-element elementor-element-add77c9 elementor-widget elementor-widget-html\" data-id=\"add77c9\" data-element_type=\"widget\" data-widget_type=\"html.default\">\n\t\t\t\t\t<!-- PAGE : Mentions L\u00e9gales (fond blanc, Arial noir, bulles + cartes PDF) -->\r\n<div class=\"privacy\" role=\"document\" aria-label=\"Informazioni legali\">\r\n  <style>\r\n    .privacy {\r\n      --fg:#111; --muted:#555; --line:#e9e9e9; --bg:#fff;\r\n      font-family:Arial, Helvetica, sans-serif;\r\n      color:var(--fg); background:var(--bg);\r\n    }\r\n    .privacy .wrap {\r\n      max-width:900px;\r\n      margin:0 auto;\r\n      padding:36px 22px;\r\n    }\r\n    .privacy h1 {\r\n      font-size:30px;\r\n      margin-bottom:20px;\r\n    }\r\n    .privacy h2 {\r\n      font-size:22px;\r\n      margin:26px 0 12px;\r\n    }\r\n    .privacy p {\r\n      margin:10px 0;\r\n      line-height:1.7;\r\n    }\r\n    .privacy ul {\r\n      margin:10px 0 10px 22px;\r\n    }\r\n    .privacy a {\r\n      color: #0000EE;\r\n      text-decoration: underline;\r\n    }\r\n    .privacy .toc {\r\n      display:flex;\r\n      flex-wrap:wrap;\r\n      gap:10px;\r\n      margin:12px 0 30px;\r\n    }\r\n    .privacy .toc a {\r\n      font-size:13px;\r\n      padding:8px 12px;\r\n      border:1px solid var(--line);\r\n      border-radius:999px;\r\n      color:var(--fg);\r\n      text-decoration:none;\r\n    }\r\n    .privacy .toc a:hover {\r\n      background:#f6f6f6;\r\n    }\r\n    .privacy .card-list {\r\n      display:grid;\r\n      grid-template-columns:1fr;\r\n      gap:16px;\r\n      margin-top:20px;\r\n    }\r\n    @media(min-width:600px){\r\n      .privacy .card-list {\r\n        grid-template-columns:1fr 1fr;\r\n      }\r\n    }\r\n    .privacy .card {\r\n      border:1px solid var(--line);\r\n      border-radius:12px;\r\n      padding:18px 20px;\r\n      background:#fafafa;\r\n      transition:box-shadow 0.3s ease;\r\n    }\r\n    .privacy .card:hover {\r\n      box-shadow:0 4px 12px rgba(0,0,0,0.06);\r\n    }\r\n    .privacy .card h3 {\r\n      font-size:16px;\r\n      margin-bottom:6px;\r\n    }\r\n    .privacy .card a {\r\n      font-size:14px;\r\n      text-decoration:none;\r\n      color:#0000EE;\r\n    }\r\n  <\/style>\r\n\r\n  <div class=\"wrap\">\r\n    <h1>Informazioni legali<\/h1>\r\n\r\n    <!-- Navigation \u00e0 bulles -->\r\n    <nav class=\"toc\" aria-label=\"Indice dei contenuti\">\r\n      <a href=\"#editeur\">Editore del sito<\/a>\r\n      <a href=\"#hebergeur\">Hosting<\/a>\r\n      <a href=\"#propriete\">Propriet\u00e0 intellettuale<\/a>\r\n      <a href=\"#responsabilite\">Responsabilit\u00e0<\/a>\r\n      <a href=\"#donnees\">Dati personali<\/a>\r\n      <a href=\"#cookies\">Biscotti<\/a>\r\n      <a href=\"#droit\">Legge applicabile<\/a>\r\n      <a href=\"#documents\">Documenti ufficiali<\/a>\r\n    <\/nav>\r\n\r\n    <h2 id=\"editeur\">Editore del sito<\/h2>\r\n    <p><strong>Fondo EXOCENT<\/strong><br>\r\n    RCS Lussemburgo: B293644<br>\r\n    CODICE ISIN: LU3073595376<br>\r\n    22, rue Jean Wolter, L-3544 Dudelange, LUSSEMBURGO<br>\r\n    Email : <a href=\"mailto:contact@exocent.lu\">contact@exocent.lu<\/a><br>\r\n    Responsabile della pubblicazione: J\u00e9r\u00f4me ANTOINE<\/p>\r\n\r\n    <h2 id=\"hebergeur\">Hosting<\/h2>\r\n    <p>Nome dell'host: OVH<br>\r\n    Indirizzo: OVH - 2 rue Kellermann BP 80157 59053 ROUBAIX CEDEX 1 - Francia<br>\r\n    Sito web : <a href=\"https:\/\/www.ovh.com\" target=\"_blank\">https:\/\/www.ovh.com<\/a><\/p>\r\n\r\n    <h2 id=\"propriete\">Propriet\u00e0 intellettuale<\/h2>\r\n    <p>Il sito e tutti i suoi contenuti (testi, immagini, video, grafici, loghi, icone, ecc.) sono protetti da copyright. \u00c8 vietata la riproduzione, la distribuzione o l'utilizzo senza previa autorizzazione.<\/p>\r\n\r\n    <h2 id=\"responsabilite\">Responsabilit\u00e0<\/h2>\r\n    <p>L'editore del sito si adopera per garantire che le informazioni pubblicate siano accurate e aggiornate. Tuttavia, non pu\u00f2 essere ritenuto responsabile di eventuali errori o omissioni, n\u00e9 di un uso improprio dei contenuti.<\/p>\r\n\r\n    <h2 id=\"donnees\">Dati personali<\/h2>\r\n    <p>I dati personali raccolti tramite i moduli del sito sono trattati in conformit\u00e0 al Regolamento generale sulla protezione dei dati (GDPR). \u00c8 possibile leggere la nostra politica di protezione dei dati qui: <a href=\"\/it\/informativa-sulla-privacy\/\">Informativa sulla privacy<\/a>.<\/p>\r\n\r\n    <h2 id=\"cookies\">Biscotti<\/h2>\r\n    <p>Questo sito utilizza i cookie per migliorare l'esperienza di navigazione e misurare l'audience. \u00c8 possibile negare o modificare il proprio consenso in qualsiasi momento cliccando sull'apposito pulsante. Vedi il nostro <a href=\"\/it\/ip-address-cookie-policy\/\">Indirizzo IP e politica sui cookie<\/a>.<\/p>\r\n\r\n    <h2 id=\"droit\">Legge applicabile<\/h2>\r\n    <p>Il sito \u00e8 soggetto alla legge lussemburghese. In caso di controversia, la giurisdizione competente \u00e8 quella della sede legale.<\/p>\r\n\r\n    <h2 id=\"documents\">Documenti ufficiali a disposizione degli investitori<\/h2>\r\n\r\n    <div class=\"card-list\">\r\n      <div class=\"card\">\r\n        <h3>\ud83d\udcc4 PRIIP KID<\/h3>\r\n        <a href=\"https:\/\/exocent.lu\/wp-content\/uploads\/2025\/09\/priid-kid.pdf\" target=\"_blank\">Scarica il documento<\/a>\r\n      <\/div>\r\n      <div class=\"card\">\r\n        <h3>\ud83d\udcc4 INVESTITORI (LP)<\/h3>\r\n        <a href=\"https:\/\/exocent.lu\/wp-content\/uploads\/2025\/08\/250203-Exocent-Speculative-Hedge-Fund-SCSp-LPA-Executed_-2-2.pdf\" target=\"_blank\">Scarica il documento<\/a>\r\n      <\/div>\r\n      <div class=\"card\">\r\n        <h3>\ud83d\udcc4 CONTRATTO DI ABBONAMENTO<\/h3>\r\n        <a href=\"https:\/\/exocent.lu\/wp-content\/uploads\/2025\/08\/25xxxx_Exocent-Speculative-Hedge-Fund-SCSp-_-Subscription-Agreement-1-3-4.pdf\" target=\"_blank\">Scarica il documento<\/a>\r\n      <\/div>\r\n    <\/div>\r\n  <\/div>\r\n<\/div>\r\n\t\t\t\t<\/div>\n\t\t\t\t\t<\/div>\n\t\t\t\t<\/div>\n\t\t\t\t<\/div>","protected":false},"excerpt":{"rendered":"<p>Mentions L\u00e9gales \u00c9diteur du site H\u00e9bergement Propri\u00e9t\u00e9 intellectuelle Responsabilit\u00e9 Donn\u00e9es personnelles Cookies Droit applicable Documents officiels \u00c9diteur du site EXOCENT Fund RCS Luxembourg : B293644 ISIN CODE : LU3073595376 22, rue Jean Wolter, L-3544 Dudelange, LUXEMBOURG Email : contact@exocent.lu Directeur de la publication : J\u00e9r\u00f4me ANTOINE H\u00e9bergement Nom de l\u2019h\u00e9bergeur : OVH Adresse : OVH \u2013 2 rue Kellermann BP 80157 59053 ROUBAIX CEDEX 1 \u2013 France Site web : https:\/\/www.ovh.com Propri\u00e9t\u00e9 intellectuelle Le site ainsi que l\u2019ensemble de son contenu (textes, images, vid\u00e9os, graphismes, logo, ic\u00f4nes, etc.) sont prot\u00e9g\u00e9s par les droits d\u2019auteur. Toute reproduction, distribution ou utilisation sans autorisation pr\u00e9alable est interdite. Responsabilit\u00e9 L\u2019\u00e9diteur du site s\u2019efforce d\u2019assurer l\u2019exactitude et la mise \u00e0 jour des informations diffus\u00e9es. Toutefois, il ne peut \u00eatre tenu responsable des erreurs ou omissions, ni d\u2019un mauvais usage du contenu. Donn\u00e9es personnelles Les donn\u00e9es \u00e0 caract\u00e8re personnel collect\u00e9es via les formulaires du site sont trait\u00e9es dans le respect du R\u00e8glement G\u00e9n\u00e9ral sur la Protection des Donn\u00e9es (RGPD). Vous pouvez lire notre politique de protection des donn\u00e9es ici : Data Privacy Notice. Cookies Ce site utilise des cookies pour am\u00e9liorer votre exp\u00e9rience de navigation et mesurer l\u2019audience. Vous pouvez \u00e0 tout moment refuser ou modifier votre consentement en cliquant sur le bouton pr\u00e9vu \u00e0 cet effet. Voir notre IP Address &#038; Cookie Policy. Droit applicable Le site est soumis au droit luxembourgeois. En cas de litige, la juridiction comp\u00e9tente est celle du si\u00e8ge social. Documents officiels \u00e0 disposition des investisseurs \ud83d\udcc4 PRIIP KID T\u00e9l\u00e9charger le document \ud83d\udcc4 INVESTISSEURS (LP) T\u00e9l\u00e9charger le document \ud83d\udcc4 SUBSCRIPTION AGREEMENT T\u00e9l\u00e9charger le document<\/p>","protected":false},"author":2,"featured_media":0,"parent":0,"menu_order":0,"comment_status":"closed","ping_status":"closed","template":"","meta":{"footnotes":""},"class_list":["post-247","page","type-page","status-publish","hentry"],"_links":{"self":[{"href":"https:\/\/exocent.lu\/it\/wp-json\/wp\/v2\/pages\/247","targetHints":{"allow":["GET"]}}],"collection":[{"href":"https:\/\/exocent.lu\/it\/wp-json\/wp\/v2\/pages"}],"about":[{"href":"https:\/\/exocent.lu\/it\/wp-json\/wp\/v2\/types\/page"}],"author":[{"embeddable":true,"href":"https:\/\/exocent.lu\/it\/wp-json\/wp\/v2\/users\/2"}],"replies":[{"embeddable":true,"href":"https:\/\/exocent.lu\/it\/wp-json\/wp\/v2\/comments?post=247"}],"version-history":[{"count":4,"href":"https:\/\/exocent.lu\/it\/wp-json\/wp\/v2\/pages\/247\/revisions"}],"predecessor-version":[{"id":680,"href":"https:\/\/exocent.lu\/it\/wp-json\/wp\/v2\/pages\/247\/revisions\/680"}],"wp:attachment":[{"href":"https:\/\/exocent.lu\/it\/wp-json\/wp\/v2\/media?parent=247"}],"curies":[{"name":"wp","href":"https:\/\/api.w.org\/{rel}","templated":true}]}}