{"id":238,"date":"2025-08-27T18:24:39","date_gmt":"2025-08-27T16:24:39","guid":{"rendered":"http:\/\/dev.exocent.lu\/?page_id=238"},"modified":"2025-10-14T17:15:58","modified_gmt":"2025-10-14T15:15:58","slug":"i-nostri-partner","status":"publish","type":"page","link":"https:\/\/exocent.lu\/it\/i-nostri-partner\/","title":{"rendered":"i nostri partner"},"content":{"rendered":"<div data-elementor-type=\"wp-page\" data-elementor-id=\"238\" class=\"elementor elementor-238\" data-elementor-post-type=\"page\">\n\t\t\t\t\t\t<section class=\"elementor-section elementor-top-section elementor-element elementor-element-64223a80 elementor-section-boxed elementor-section-height-default elementor-section-height-default wpr-particle-no wpr-jarallax-no wpr-parallax-no wpr-sticky-section-no\" data-id=\"64223a80\" data-element_type=\"section\">\n\t\t\t\t\t\t<div class=\"elementor-container elementor-column-gap-no\">\n\t\t\t\t\t<div class=\"elementor-column elementor-col-100 elementor-top-column elementor-element elementor-element-61b37acf\" data-id=\"61b37acf\" data-element_type=\"column\" data-settings=\"{&quot;background_background&quot;:&quot;gradient&quot;}\">\n\t\t\t<div class=\"elementor-widget-wrap elementor-element-populated\">\n\t\t\t\t\t<div class=\"elementor-background-overlay\"><\/div>\n\t\t\t\t\t\t<section class=\"elementor-section elementor-inner-section elementor-element elementor-element-43873332 elementor-section-boxed elementor-section-height-default elementor-section-height-default wpr-particle-no wpr-jarallax-no wpr-parallax-no wpr-sticky-section-no\" data-id=\"43873332\" data-element_type=\"section\">\n\t\t\t\t\t\t<div class=\"elementor-container elementor-column-gap-no\">\n\t\t\t\t\t<div class=\"elementor-column elementor-col-100 elementor-inner-column elementor-element elementor-element-2080dd7b\" data-id=\"2080dd7b\" data-element_type=\"column\">\n\t\t\t<div class=\"elementor-widget-wrap elementor-element-populated\">\n\t\t\t\t\t\t<div class=\"elementor-element elementor-element-57962986 elementor-widget__width-auto elementor-widget elementor-widget-heading\" data-id=\"57962986\" data-element_type=\"widget\" data-widget_type=\"heading.default\">\n\t\t\t\t\t<h5 class=\"elementor-heading-title elementor-size-default\">I nostri partner<\/h5>\t\t\t\t<\/div>\n\t\t\t\t<div class=\"elementor-element elementor-element-16ffa4cb elementor-widget__width-auto elementor-absolute elementor-hidden-mobile elementor-widget elementor-widget-image\" data-id=\"16ffa4cb\" data-element_type=\"widget\" data-settings=\"{&quot;_position&quot;:&quot;absolute&quot;}\" data-widget_type=\"image.default\">\n\t\t\t\t\t\t\t\t\t\t\t\t\t\t\t<img fetchpriority=\"high\" decoding=\"async\" width=\"768\" height=\"768\" src=\"https:\/\/exocent.lu\/wp-content\/uploads\/2025\/08\/Megaphone-768x768.png\" class=\"attachment-medium_large size-medium_large wp-image-374\" alt=\"\" srcset=\"https:\/\/exocent.lu\/wp-content\/uploads\/2025\/08\/Megaphone-768x768.png 768w, https:\/\/exocent.lu\/wp-content\/uploads\/2025\/08\/Megaphone-300x300.png 300w, https:\/\/exocent.lu\/wp-content\/uploads\/2025\/08\/Megaphone-1024x1024.png 1024w, https:\/\/exocent.lu\/wp-content\/uploads\/2025\/08\/Megaphone-150x150.png 150w, https:\/\/exocent.lu\/wp-content\/uploads\/2025\/08\/Megaphone-1536x1536.png 1536w, https:\/\/exocent.lu\/wp-content\/uploads\/2025\/08\/Megaphone-2048x2048.png 2048w\" sizes=\"(max-width: 768px) 100vw, 768px\" \/>\t\t\t\t\t\t\t\t\t\t\t\t\t\t\t<\/div>\n\t\t\t\t<div class=\"elementor-element elementor-element-6e27be1d elementor-widget-tablet__width-initial elementor-widget elementor-widget-heading\" data-id=\"6e27be1d\" data-element_type=\"widget\" data-widget_type=\"heading.default\">\n\t\t\t\t\t<h2 class=\"elementor-heading-title elementor-size-default\">In buona compagnia<\/h2>\t\t\t\t<\/div>\n\t\t\t\t<div class=\"elementor-element elementor-element-471e2909 elementor-widget__width-initial elementor-widget elementor-widget-text-editor\" data-id=\"471e2909\" data-element_type=\"widget\" data-widget_type=\"text-editor.default\">\n\t\t\t\t\t\t\t\t\t<p>Un ecosistema di partner affidabili al nostro fianco<\/p>\t\t\t\t\t\t\t\t<\/div>\n\t\t\t\t\t<\/div>\n\t\t<\/div>\n\t\t\t\t\t<\/div>\n\t\t<\/section>\n\t\t\t\t<div class=\"elementor-element elementor-element-db7649e elementor-arrows-position-inside elementor-widget elementor-widget-image-carousel\" data-id=\"db7649e\" data-element_type=\"widget\" data-settings=\"{&quot;slides_to_show&quot;:&quot;6&quot;,&quot;slides_to_show_mobile&quot;:&quot;2&quot;,&quot;navigation&quot;:&quot;arrows&quot;,&quot;autoplay_speed&quot;:3000,&quot;image_spacing_custom&quot;:{&quot;unit&quot;:&quot;px&quot;,&quot;size&quot;:74,&quot;sizes&quot;:[]},&quot;autoplay&quot;:&quot;yes&quot;,&quot;infinite&quot;:&quot;yes&quot;,&quot;speed&quot;:500,&quot;image_spacing_custom_tablet&quot;:{&quot;unit&quot;:&quot;px&quot;,&quot;size&quot;:&quot;&quot;,&quot;sizes&quot;:[]},&quot;image_spacing_custom_mobile&quot;:{&quot;unit&quot;:&quot;px&quot;,&quot;size&quot;:&quot;&quot;,&quot;sizes&quot;:[]}}\" data-widget_type=\"image-carousel.default\">\n\t\t\t\t\t\t\t<div class=\"elementor-image-carousel-wrapper swiper\" role=\"region\" aria-roledescription=\"carousel\" aria-label=\"Carosello di immagini\" dir=\"ltr\">\n\t\t\t<div class=\"elementor-image-carousel swiper-wrapper\" aria-live=\"off\">\n\t\t\t\t\t\t\t\t<div class=\"swiper-slide\" role=\"group\" aria-roledescription=\"slide\" aria-label=\"1 di 8\"><figure class=\"swiper-slide-inner\"><img decoding=\"async\" class=\"swiper-slide-image\" src=\"https:\/\/exocent.lu\/wp-content\/uploads\/2025\/08\/logo-partenaire-1.png\" alt=\"Francia Finanza conseil d\u00e9veloppement\" \/><figcaption class=\"elementor-image-carousel-caption\">Francia Finanza conseil d\u00e9veloppement<\/figcaption><\/figure><\/div><div class=\"swiper-slide\" role=\"group\" aria-roledescription=\"slide\" aria-label=\"2 su 8\"><figure class=\"swiper-slide-inner\"><img decoding=\"async\" class=\"swiper-slide-image\" src=\"https:\/\/exocent.lu\/wp-content\/uploads\/2025\/08\/swissquote-1.png\" alt=\"Banche - Trading Banca depositaria e banca\" \/><figcaption class=\"elementor-image-carousel-caption\">Banche - Trading Banca depositaria e banca<\/figcaption><\/figure><\/div><div class=\"swiper-slide\" role=\"group\" aria-roledescription=\"slide\" aria-label=\"3 su 8\"><figure class=\"swiper-slide-inner\"><img decoding=\"async\" class=\"swiper-slide-image\" src=\"https:\/\/exocent.lu\/wp-content\/uploads\/2025\/08\/logo-partenaire-2.png\" alt=\"Francia Mercato bancario\" \/><figcaption class=\"elementor-image-carousel-caption\">Francia Mercato bancario<\/figcaption><\/figure><\/div><div class=\"swiper-slide\" role=\"group\" aria-roledescription=\"slide\" aria-label=\"4 su 8\"><figure class=\"swiper-slide-inner\"><img decoding=\"async\" class=\"swiper-slide-image\" src=\"https:\/\/exocent.lu\/wp-content\/uploads\/2025\/08\/logo-partenaire-3.png\" alt=\"Revisori dei conti del Lussemburgo\" \/><figcaption class=\"elementor-image-carousel-caption\">Revisori dei conti del Lussemburgo<\/figcaption><\/figure><\/div><div class=\"swiper-slide\" role=\"group\" aria-roledescription=\"slide\" aria-label=\"5 su 8\"><figure class=\"swiper-slide-inner\"><img decoding=\"async\" class=\"swiper-slide-image\" src=\"https:\/\/exocent.lu\/wp-content\/uploads\/2025\/08\/adepa.png\" alt=\"Servizio globale Agente centrale\" \/><figcaption class=\"elementor-image-carousel-caption\">Servizio globale Agente centrale<\/figcaption><\/figure><\/div><div class=\"swiper-slide\" role=\"group\" aria-roledescription=\"slide\" aria-label=\"6 su 8\"><figure class=\"swiper-slide-inner\"><img decoding=\"async\" class=\"swiper-slide-image\" src=\"https:\/\/exocent.lu\/wp-content\/uploads\/2025\/09\/granado.png\" alt=\"Avvocati del Lussemburgo\" \/><figcaption class=\"elementor-image-carousel-caption\">Avvocati del Lussemburgo<\/figcaption><\/figure><\/div><div class=\"swiper-slide\" role=\"group\" aria-roledescription=\"slide\" aria-label=\"7 su 8\"><figure class=\"swiper-slide-inner\"><img decoding=\"async\" class=\"swiper-slide-image\" src=\"https:\/\/exocent.lu\/wp-content\/uploads\/2025\/09\/hashtag-avocat.png\" alt=\"Francia Avocats\" \/><figcaption class=\"elementor-image-carousel-caption\">Francia Avocats<\/figcaption><\/figure><\/div><div class=\"swiper-slide\" role=\"group\" aria-roledescription=\"slide\" aria-label=\"8 di 8\"><figure class=\"swiper-slide-inner\"><img decoding=\"async\" class=\"swiper-slide-image\" src=\"https:\/\/exocent.lu\/wp-content\/uploads\/2025\/10\/bellcour-2.png\" alt=\"Lussemburgo Fondi di investimento\" \/><figcaption class=\"elementor-image-carousel-caption\">Lussemburgo Fondi di investimento<\/figcaption><\/figure><\/div>\t\t\t<\/div>\n\t\t\t\t\t\t\t\t\t\t\t\t<div class=\"elementor-swiper-button elementor-swiper-button-prev\" role=\"button\" tabindex=\"0\">\n\t\t\t\t\t\t<svg aria-hidden=\"true\" class=\"e-font-icon-svg e-eicon-chevron-left\" viewbox=\"0 0 1000 1000\" xmlns=\"http:\/\/www.w3.org\/2000\/svg\"><path d=\"M646 125C629 125 613 133 604 142L308 442C296 454 292 471 292 487 292 504 296 521 308 533L604 854C617 867 629 875 646 875 663 875 679 871 692 858 704 846 713 829 713 812 713 796 708 779 692 767L438 487 692 225C700 217 708 204 708 187 708 171 704 154 692 142 675 129 663 125 646 125Z\"><\/path><\/svg>\t\t\t\t\t<\/div>\n\t\t\t\t\t<div class=\"elementor-swiper-button elementor-swiper-button-next\" role=\"button\" tabindex=\"0\">\n\t\t\t\t\t\t<svg aria-hidden=\"true\" class=\"e-font-icon-svg e-eicon-chevron-right\" viewbox=\"0 0 1000 1000\" xmlns=\"http:\/\/www.w3.org\/2000\/svg\"><path d=\"M696 533C708 521 713 504 713 487 713 471 708 454 696 446L400 146C388 133 375 125 354 125 338 125 325 129 313 142 300 154 292 171 292 187 292 204 296 221 308 233L563 492 304 771C292 783 288 800 288 817 288 833 296 850 308 863 321 871 338 875 354 875 371 875 388 867 400 854L696 533Z\"><\/path><\/svg>\t\t\t\t\t<\/div>\n\t\t\t\t\n\t\t\t\t\t\t\t\t\t<\/div>\n\t\t\t\t\t\t<\/div>\n\t\t\t\t\t<\/div>\n\t\t<\/div>\n\t\t\t\t\t<\/div>\n\t\t<\/section>\n\t\t\t\t<section class=\"elementor-section elementor-top-section elementor-element elementor-element-57271b98 elementor-section-content-middle elementor-section-boxed elementor-section-height-default elementor-section-height-default wpr-particle-no wpr-jarallax-no wpr-parallax-no wpr-sticky-section-no\" data-id=\"57271b98\" data-element_type=\"section\" data-settings=\"{&quot;background_background&quot;:&quot;classic&quot;}\">\n\t\t\t\t\t\t<div class=\"elementor-container elementor-column-gap-default\">\n\t\t\t\t\t<div class=\"elementor-column elementor-col-100 elementor-top-column elementor-element elementor-element-44bbaae\" data-id=\"44bbaae\" data-element_type=\"column\">\n\t\t\t<div class=\"elementor-widget-wrap elementor-element-populated\">\n\t\t\t\t\t\t<section class=\"elementor-section elementor-inner-section elementor-element elementor-element-7d3301e4 elementor-section-boxed elementor-section-height-default elementor-section-height-default wpr-particle-no wpr-jarallax-no wpr-parallax-no wpr-sticky-section-no\" data-id=\"7d3301e4\" data-element_type=\"section\">\n\t\t\t\t\t\t<div class=\"elementor-container elementor-column-gap-no\">\n\t\t\t\t\t<div class=\"elementor-column elementor-col-100 elementor-inner-column elementor-element elementor-element-1f4d4db6\" data-id=\"1f4d4db6\" data-element_type=\"column\">\n\t\t\t<div class=\"elementor-widget-wrap elementor-element-populated\">\n\t\t\t\t\t\t<div class=\"elementor-element elementor-element-e09d340 elementor-widget elementor-widget-heading\" data-id=\"e09d340\" data-element_type=\"widget\" data-widget_type=\"heading.default\">\n\t\t\t\t\t<h2 class=\"elementor-heading-title elementor-size-default\">Competenze complementari per operazioni controllate<\/h2>\t\t\t\t<\/div>\n\t\t\t\t<div class=\"elementor-element elementor-element-3e000a9 elementor-widget elementor-widget-jkit_button\" data-id=\"3e000a9\" data-element_type=\"widget\" data-widget_type=\"jkit_button.default\">\n\t\t\t\t\t<div  class=\"jeg-elementor-kit jkit-button  icon-position-before jeg_module___69fb46007ed84\" ><a href=\"https:\/\/exocent.lu\/it\/contatto\/\" class=\"jkit-button-wrapper\">Contattateci<\/a><\/div>\t\t\t\t<\/div>\n\t\t\t\t\t<\/div>\n\t\t<\/div>\n\t\t\t\t\t<\/div>\n\t\t<\/section>\n\t\t\t\t\t<\/div>\n\t\t<\/div>\n\t\t\t\t\t<\/div>\n\t\t<\/section>\n\t\t\t\t<\/div>","protected":false},"excerpt":{"rendered":"<p>Nos partenaires En bonne compagnie Un \u00e9cosyst\u00e8me de partenaires fiables, \u00e0 nos c\u00f4t\u00e9s France Finance conseil d\u00e9veloppement Banking \u2013 Trading Banque d\u00e9positaire &amp; banque France Marketplace Bancaire Luxembourg Auditeurs Global service Agent central Luxembourg Avocats France Avocats Luxembourg Fonds d\u2019investissement Des expertises compl\u00e9mentaires pour des op\u00e9rations ma\u00eetris\u00e9es Contactez-nous<\/p>","protected":false},"author":2,"featured_media":0,"parent":0,"menu_order":0,"comment_status":"closed","ping_status":"closed","template":"","meta":{"footnotes":""},"class_list":["post-238","page","type-page","status-publish","hentry"],"_links":{"self":[{"href":"https:\/\/exocent.lu\/it\/wp-json\/wp\/v2\/pages\/238","targetHints":{"allow":["GET"]}}],"collection":[{"href":"https:\/\/exocent.lu\/it\/wp-json\/wp\/v2\/pages"}],"about":[{"href":"https:\/\/exocent.lu\/it\/wp-json\/wp\/v2\/types\/page"}],"author":[{"embeddable":true,"href":"https:\/\/exocent.lu\/it\/wp-json\/wp\/v2\/users\/2"}],"replies":[{"embeddable":true,"href":"https:\/\/exocent.lu\/it\/wp-json\/wp\/v2\/comments?post=238"}],"version-history":[{"count":22,"href":"https:\/\/exocent.lu\/it\/wp-json\/wp\/v2\/pages\/238\/revisions"}],"predecessor-version":[{"id":869,"href":"https:\/\/exocent.lu\/it\/wp-json\/wp\/v2\/pages\/238\/revisions\/869"}],"wp:attachment":[{"href":"https:\/\/exocent.lu\/it\/wp-json\/wp\/v2\/media?parent=238"}],"curies":[{"name":"wp","href":"https:\/\/api.w.org\/{rel}","templated":true}]}}