{"id":237,"date":"2025-08-27T18:23:50","date_gmt":"2025-08-27T16:23:50","guid":{"rendered":"http:\/\/dev.exocent.lu\/?page_id=237"},"modified":"2025-10-11T09:09:45","modified_gmt":"2025-10-11T07:09:45","slug":"i-nostri-ritorni","status":"publish","type":"page","link":"https:\/\/exocent.lu\/it\/i-nostri-ritorni\/","title":{"rendered":"I nostri ritorni"},"content":{"rendered":"<div data-elementor-type=\"wp-page\" data-elementor-id=\"237\" class=\"elementor elementor-237\" data-elementor-post-type=\"page\">\n\t\t\t\t<div class=\"elementor-element elementor-element-74b2b64 e-flex e-con-boxed wpr-particle-no wpr-jarallax-no wpr-parallax-no wpr-sticky-section-no e-con e-parent\" data-id=\"74b2b64\" data-element_type=\"container\">\n\t\t\t\t\t<div class=\"e-con-inner\">\n\t\t\t\t<div class=\"elementor-element elementor-element-a512d96 elementor-invisible elementor-widget elementor-widget-html\" data-id=\"a512d96\" data-element_type=\"widget\" data-settings=\"{&quot;_animation&quot;:&quot;fadeIn&quot;}\" data-widget_type=\"html.default\">\n\t\t\t\t\t<!-- =========================\r\nPAGE : EXOCENT > RENDEMENTS\r\n(style identique \u00e0 \u201cLe Mod\u00e8le\u201d)\r\n========================= -->\r\n<div class=\"ex-rend\" role=\"document\" aria-label=\"Pagina Rendimenti esogeni\">\r\n  <style>\r\n    \/* ====== Base reprise de la page Mod\u00e8le ====== *\/\r\n    .ex-rend{\r\n      --fg:#111; --muted:#555; --line:#e9e9e9;\r\n      --cardBg:linear-gradient(180deg,rgba(255,255,255,.85),rgba(255,255,255,.72));\r\n      font-family:Arial, Helvetica, sans-serif; color:var(--fg);\r\n    }\r\n    .ex-rend .wrap{max-width:1100px;margin:0 auto;padding:36px 22px}\r\n    .ex-rend .crumb{font-size:12px;letter-spacing:.06em;text-transform:uppercase;color:var(--muted)}\r\n    .ex-rend .h1{font-size:24px;line-height:1.25;margin:6px 0 6px;display:flex;gap:10px;align-items:center}\r\n    .ex-rend .sub{color:var(--muted);margin:0 0 16px}\r\n    .ex-rend .hr{height:1px;background:linear-gradient(90deg,transparent,var(--line),transparent);margin:22px 0;border:0}\r\n\r\n    \/* Cartes \u201cliquid glass\u201d identiques *\/\r\n    .ex-rend .card{position:relative;border:1px solid rgba(17,17,17,.08);border-radius:18px;background:var(--cardBg);\r\n      box-shadow:0 10px 28px rgba(0,0,0,.06), inset 0 1px 0 rgba(255,255,255,.6);backdrop-filter:saturate(140%) blur(10px);\r\n      display:flex; flex-direction:column; height:100%;}\r\n    .ex-rend .card .body{padding:22px; display:flex; flex-direction:column; gap:10px}\r\n    .ex-rend .card h3{margin:0 0 6px;font-size:20px}\r\n    .ex-rend .card p{margin:0;line-height:1.75}\r\n\r\n    \/* Grilles cal\u00e9es pour \u00e9viter les \u201ctrous\u201d *\/\r\n    .ex-rend .grid{display:grid;gap:16px;align-items:stretch}\r\n    .ex-rend .g3{grid-template-columns:repeat(3, minmax(0,1fr))}\r\n    .ex-rend .g2{grid-template-columns:repeat(2, minmax(0,1fr))}\r\n    @media (max-width:980px){.ex-rend .g3{grid-template-columns:1fr}}\r\n    @media (max-width:900px){.ex-rend .g2{grid-template-columns:1fr}}\r\n\r\n    \/* Petites touches communes *\/\r\n    .ex-rend .title-underline{position:relative;padding-bottom:8px;margin-bottom:2px}\r\n    .ex-rend .title-underline:after{content:\"\";position:absolute;left:0;bottom:0;width:64px;height:3px;background:#8c0f24;border-radius:2px}\r\n    .ex-rend .bullets{display:grid;grid-template-columns:1fr 1fr;gap:8px 22px}\r\n    .ex-rend .bullet{display:flex;gap:10px;align-items:flex-start}\r\n    .ex-rend .bullet:before{content:\"\";width:8px;height:8px;border-radius:50%;background:#8c0f24;margin-top:.6em;flex:0 0 8px}\r\n    @media (max-width:720px){.ex-rend .bullets{grid-template-columns:1fr}}\r\n\r\n    \/* Facts (Aper\u00e7u) *\/\r\n    .ex-rend .facts{display:grid;gap:10px}\r\n    .ex-rend .fact b{display:block;font-size:12px;letter-spacing:.06em;text-transform:uppercase;color:var(--muted);margin-bottom:4px}\r\n\r\n    \/* R\u00e9partition (barres) \u2013 repris tel quel, harmonis\u00e9 *\/\r\n    .ex-rend .statlist{display:grid;gap:14px}\r\n    .ex-rend .row{--w:0%;--col:#999;padding:12px 14px;border-radius:14px;background:#fff;box-shadow:0 8px 22px rgba(0,0,0,.05)}\r\n    .ex-rend .row .topline{display:grid;grid-template-columns:1fr auto;align-items:center;gap:10px;margin-bottom:8px;min-width:0}\r\n    .ex-rend .row .label{font-weight:700;font-size:15px;white-space:nowrap;overflow:hidden;text-overflow:ellipsis}\r\n    .ex-rend .row .pct{font-weight:800;font-size:13px;letter-spacing:.02em;color:#000;background:#fff;border:1px solid #000;border-radius:999px;padding:4px 10px;flex-shrink:0}\r\n    .ex-rend .row .bar{position:relative;height:14px;background:#f1f3f6;border-radius:999px;overflow:hidden}\r\n    .ex-rend .row .fill{position:absolute;inset:0 100% 0 0;width:0;border-radius:999px;background:linear-gradient(90deg,var(--col),rgba(0,0,0,.06));transition:width 900ms cubic-bezier(.2,.9,.2,1)}\r\n    .ex-rend .statlist.is-visible .row .fill{width:var(--w)}\r\n    .ex-rend .legend-note{font-size:12px;color:var(--muted);margin-top:8px}\r\n\r\n    \/* Logo *\/\r\n    .ex-rend .logo{width:22px;height:22px;border-radius:6px;object-fit:cover;flex:0 0 22px}\r\n  <\/style>\r\n\r\n  <div class=\"wrap\">\r\n    <!-- Ent\u00eate -->\r\n    <div class=\"crumb\">EXOCENT ' Rendimenti<\/div>\r\n    <h1 class=\"h1\">\r\n      <img decoding=\"async\" class=\"logo\" src=\"https:\/\/exocent.lu\/wp-content\/uploads\/2025\/08\/Design-sans-titre-44.png\" alt=\"Icona Exocent\">\r\n      Rendimenti\r\n    <\/h1>\r\n    <p class=\"sub\">Criptovalute, TITOLI, VALUTE E FONDI - Sintesi della performance ( TEST )<\/p>\r\n\r\n    <div class=\"hr\" aria-hidden=\"true\"><\/div>\r\n\r\n<!-- Ligne 1 : 3 cartes \u00e9quilibr\u00e9es -->\r\n<section class=\"grid g3\" aria-label=\"Rendimenti introduttivi\" style=\"margin-bottom:28px\">\r\n  <!-- Objectif -->\r\n  <article class=\"card\">\r\n    <div class=\"body\" style=\"text-align:center;display:flex;flex-direction:column;justify-content:space-between;min-height:100%\">\r\n      <div>\r\n        <img decoding=\"async\" class=\"logo\" src=\"https:\/\/exocent.lu\/wp-content\/uploads\/2025\/08\/Design-sans-titre-44.png\" alt=\"Esocente\" style=\"margin:0 auto 8px;width:26px;height:26px\">\r\n        <h3 style=\"letter-spacing:.02em\">OBIETTIVO D'INVESTIMENTO<\/h3>\r\n        <p style=\"max-width:46ch;margin:0 auto\">\r\n          Cripto, Token, Azioni, Valute e Fondi: con l'obiettivo di sovraperformare i mercati globali sfruttando le inefficienze del mercato, identificando gli asset promettenti e diversificando il portafoglio.\r\n          sfruttando le inefficienze del mercato, individuando attivit\u00e0 promettenti e diversificando il portafoglio.\r\n        <\/p>\r\n      <\/div>\r\n      <!-- GIF en bas (plus grand, prend l\u2019espace restant) -->\r\n      <div style=\"flex-grow:1;display:flex;align-items:flex-end;justify-content:center;padding-top:20px\">\r\n        <img decoding=\"async\" src=\"https:\/\/exocent.lu\/wp-content\/uploads\/2025\/09\/mettre-en-oeuvre.gif\" \r\n             alt=\"Implementazione\" \r\n             style=\"width:auto;max-width:100%;height:200px;object-fit:contain\">\r\n      <\/div>\r\n    <\/div>\r\n  <\/article>\r\n\r\n  <!-- Description -->\r\n  <article class=\"card\">\r\n    <div class=\"body\">\r\n      <h3 class=\"title-underline\">Descrizione<\/h3>\r\n      <ul style=\"margin:6px 0 0 18px\">\r\n        <li>Exocent Fund applica un'analisi complessa ai mercati delle criptovalute e dei token, riconoscendo che il loro prezzo \u00e8 solo un aspetto del loro valore.<\/li>\r\n        <li>Integriamo l'impatto dei pregiudizi cognitivi degli investitori nel nostro processo decisionale.<\/li>\r\n        <li>Sfruttando l'effetto momentum e il trend-following (approccio top-down), guidiamo il processo di selezione.<\/li>\r\n        <li>Identifichiamo innanzitutto i settori promettenti, quindi le criptovalute, i token, le azioni, le valute e i fondi pi\u00f9 rilevanti all'interno di tali settori, al fine di offrire rendimenti interessanti.<\/li>\r\n      <\/ul>\r\n    <\/div>\r\n  <\/article>\r\n\r\n  <!-- Aper\u00e7u -->\r\n  <article class=\"card\" aria-label=\"Panoramica del fondo\">\r\n    <div class=\"body\" style=\"display:flex;flex-direction:column;justify-content:space-between;min-height:100%\">\r\n      <div>\r\n        <h3 class=\"title-underline\">Panoramica<\/h3>\r\n        <div class=\"facts\">\r\n          <div class=\"fact\"><b>Data di creazione<\/b>Fondo Exocent: 3 febbraio 2025<\/div>\r\n          <div class=\"fact\"><b>Stile di gestione<\/b>Tecnico e di tendenza<\/div>\r\n          <div class=\"fact\"><b>Attivit\u00e0 del fondo<\/b>+ milioni $ ( In corso )<\/div>\r\n        <\/div>\r\n      <\/div>\r\n      <!-- GIF en bas (plus grand) -->\r\n      <div style=\"flex-grow:1;display:flex;align-items:flex-end;justify-content:center;padding-top:20px\">\r\n        <img decoding=\"async\" src=\"https:\/\/exocent.lu\/wp-content\/uploads\/2025\/09\/creation-de-logo.gif\" \r\n             alt=\"Design del logo\" \r\n             style=\"width:auto;max-width:100%;height:200px;object-fit:contain\">\r\n      <\/div>\r\n    <\/div>\r\n  <\/article>\r\n<\/section>\r\n\r\n\r\n    <!-- Ligne 2 : Titres & Notes (hauteurs coh\u00e9rentes) -->\r\n    <section class=\"grid g2\" aria-label=\"Dettagli\">\r\n      <!-- Principaux titres individuels -->\r\n      <article class=\"card\">\r\n        <div class=\"body\">\r\n          <h3 class=\"title-underline\">Principali titoli individuali<\/h3>\r\n          <div class=\"bullets\" role=\"list\">\r\n            <div class=\"bullet\" role=\"listitem\"><span>BITCOIN - BTC<\/span><\/div>\r\n            <div class=\"bullet\" role=\"listitem\"><span>ETHEREUM - ETH<\/span><\/div>\r\n            <div class=\"bullet\" role=\"listitem\"><span>SOLANA - SOL<\/span><\/div>\r\n            <div class=\"bullet\" role=\"listitem\"><span>VALANGA - AVAX<\/span><\/div>\r\n            <div class=\"bullet\" role=\"listitem\"><span>LVMH - MC<\/span><\/div>\r\n            <div class=\"bullet\" role=\"listitem\"><span>ROCHE - RO<\/span><\/div>\r\n            <div class=\"bullet\" role=\"listitem\"><span>META (ex Facebook)<\/span><\/div>\r\n            <div class=\"bullet\" role=\"listitem\"><span>GOOGLE - GOOG<\/span><\/div>\r\n            <div class=\"bullet\" role=\"listitem\"><span>BELLECOUR CAPITAL (FONDI)<\/span><\/div>\r\n          <\/div>\r\n        <\/div>\r\n      <\/article>\r\n\r\n      <!-- Notes explicatives -->\r\n      <article class=\"card\" aria-label=\"Note esplicative\">\r\n        <div class=\"body\">\r\n          <h3 class=\"title-underline\">Note esplicative<\/h3>\r\n          <p>I rendimenti derivano dalla performance di tutte le criptovalute, i token, le azioni, le valute e i fondi detenuti da Exocent Fund per i suoi investitori.<\/p>\r\n          <p>Gli scenari presentati sono una stima della performance futura basata sui dati passati e\/o sulle condizioni attuali; non sono un indicatore esatto. I risultati dipendono dall'andamento del mercato e dalla durata del periodo di detenzione. La performance futura \u00e8 soggetta a imposte (a seconda delle circostanze individuali).<\/p>\r\n          <p>Risultati prima delle spese. I risultati futuri possono differire da quelli del passato.<\/p>\r\n          <p>Tabella non certificata. Solo informazioni: nessuna raccomandazione, consiglio o offerta di sottoscrizione. Il capitale non \u00e8 garantito. Leggere il patto parasociale, il contratto di sottoscrizione e il CDI.<\/p>\r\n        <\/div>\r\n      <\/article>\r\n    <\/section>\r\n\r\n    <div class=\"hr\" aria-hidden=\"true\"><\/div>\r\n\r\n    <!-- R\u00e9partition par secteurs d\u2019activit\u00e9 (100%) -->\r\n    <section class=\"card\" aria-labelledby=\"h-secteurs\">\r\n      <div class=\"body\">\r\n        <h3 id=\"h-secteurs\" class=\"title-underline\">Ripartizione per settore di attivit\u00e0 (100%)<\/h3>\r\n\r\n        <div class=\"statlist\" id=\"statlist\">\r\n          <div class=\"row\" style=\"--w:33%; --col:#3b82f6\">\r\n            <div class=\"topline\"><div class=\"label\">Fondo BELLECOUR CAPITAL<\/div><div class=\"pct\">33%<\/div><\/div>\r\n            <div class=\"bar\"><div class=\"fill\"><\/div><\/div>\r\n          <\/div>\r\n          <div class=\"row\" style=\"--w:13%; --col:#10b981\">\r\n            <div class=\"topline\"><div class=\"label\">Valute G10<\/div><div class=\"pct\">13%<\/div><\/div>\r\n            <div class=\"bar\"><div class=\"fill\"><\/div><\/div>\r\n          <\/div>\r\n          <div class=\"row\" style=\"--w:13%; --col:#9ca3af\">\r\n            <div class=\"topline\"><div class=\"label\">PATRIMONIO \u2265 10 miliardi di capitalizzazione<\/div><div class=\"pct\">13%<\/div><\/div>\r\n            <div class=\"bar\"><div class=\"fill\"><\/div><\/div>\r\n          <\/div>\r\n          <div class=\"row\" style=\"--w:9%; --col:#ef4444\">\r\n            <div class=\"topline\"><div class=\"label\">Crypto - Sistema peer-to-peer<\/div><div class=\"pct\">9%<\/div><\/div>\r\n            <div class=\"bar\"><div class=\"fill\"><\/div><\/div>\r\n          <\/div>\r\n          <div class=\"row\" style=\"--w:8%; --col:#f59e0b\">\r\n            <div class=\"topline\"><div class=\"label\">Cripto - DEX (scambi decentralizzati)<\/div><div class=\"pct\">8%<\/div><\/div>\r\n            <div class=\"bar\"><div class=\"fill\"><\/div><\/div>\r\n          <\/div>\r\n          <div class=\"row\" style=\"--w:7%; --col:#8b5cf6\">\r\n            <div class=\"topline\"><div class=\"label\">Criptovalute - Contratti intelligenti<\/div><div class=\"pct\">7%<\/div><\/div>\r\n            <div class=\"bar\"><div class=\"fill\"><\/div><\/div>\r\n          <\/div>\r\n          <div class=\"row\" style=\"--w:7%; --col:#22c55e\">\r\n            <div class=\"topline\"><div class=\"label\">Crypto - Semplificare le transazioni<\/div><div class=\"pct\">7%<\/div><\/div>\r\n            <div class=\"bar\"><div class=\"fill\"><\/div><\/div>\r\n          <\/div>\r\n          <div class=\"row\" style=\"--w:5%; --col:#06b6d4\">\r\n            <div class=\"topline\"><div class=\"label\">Crypto - Oracoli decentralizzati<\/div><div class=\"pct\">5%<\/div><\/div>\r\n            <div class=\"bar\"><div class=\"fill\"><\/div><\/div>\r\n          <\/div>\r\n          <div class=\"row\" style=\"--w:2%; --col:#111827\">\r\n            <div class=\"topline\"><div class=\"label\">Blockchain in competizione con Ethereum<\/div><div class=\"pct\">2%<\/div><\/div>\r\n            <div class=\"bar\"><div class=\"fill\"><\/div><\/div>\r\n          <\/div>\r\n          <div class=\"row\" style=\"--w:2%; --col:#7c3aed\">\r\n            <div class=\"topline\"><div class=\"label\">Moneta elettronica gratuita (licenza)<\/div><div class=\"pct\">2%<\/div><\/div>\r\n            <div class=\"bar\"><div class=\"fill\"><\/div><\/div>\r\n          <\/div>\r\n          <div class=\"row\" style=\"--w:1%; --col:#f43f5e\">\r\n            <div class=\"topline\"><div class=\"label\">Liquidazione lorda in tempo reale<\/div><div class=\"pct\">1%<\/div><\/div>\r\n            <div class=\"bar\"><div class=\"fill\"><\/div><\/div>\r\n          <\/div>\r\n        <\/div>\r\n\r\n        <p class=\"legend-note\">Totale categorie 100%. Barre animate, leggibili su mobile, senza sovrapposizioni.<\/p>\r\n      <\/div>\r\n    <\/section>\r\n  <\/div>\r\n\r\n  <script>\r\n    \/\/ Animation des barres au scroll (identique au mod\u00e8le)\r\n    (function(){\r\n      const list = document.getElementById('statlist');\r\n      if(!list) return;\r\n      const io = new IntersectionObserver((entries)=>{\r\n        entries.forEach(entry=>{\r\n          if(entry.isIntersecting){\r\n            list.classList.add('is-visible');\r\n            io.disconnect();\r\n          }\r\n        });\r\n      }, {threshold:0.2});\r\n      io.observe(list);\r\n    })();\r\n  <\/script>\r\n<\/div>\r\n\t\t\t\t<\/div>\n\t\t\t\t\t<\/div>\n\t\t\t\t<\/div>\n\t\t<div class=\"elementor-element elementor-element-0bc7827 e-flex e-con-boxed wpr-particle-no wpr-jarallax-no wpr-parallax-no wpr-sticky-section-no e-con e-parent\" data-id=\"0bc7827\" data-element_type=\"container\">\n\t\t\t\t\t<div class=\"e-con-inner\">\n\t\t<div class=\"elementor-element elementor-element-538849f e-con-full e-flex wpr-particle-no wpr-jarallax-no wpr-parallax-no wpr-sticky-section-no e-con e-child\" data-id=\"538849f\" data-element_type=\"container\">\n\t\t\t\t<div class=\"elementor-element elementor-element-b278fa5 elementor-invisible elementor-widget elementor-widget-image\" data-id=\"b278fa5\" data-element_type=\"widget\" data-settings=\"{&quot;_animation&quot;:&quot;fadeInLeft&quot;}\" data-widget_type=\"image.default\">\n\t\t\t\t\t\t\t\t\t\t\t\t\t\t\t<img fetchpriority=\"high\" decoding=\"async\" width=\"768\" height=\"1153\" src=\"https:\/\/exocent.lu\/wp-content\/uploads\/2025\/08\/ja-768x1153.jpg-1-1.webp\" class=\"attachment-full size-full wp-image-556\" alt=\"\" srcset=\"https:\/\/exocent.lu\/wp-content\/uploads\/2025\/08\/ja-768x1153.jpg-1-1.webp 768w, https:\/\/exocent.lu\/wp-content\/uploads\/2025\/08\/ja-768x1153.jpg-1-1-200x300.webp 200w, https:\/\/exocent.lu\/wp-content\/uploads\/2025\/08\/ja-768x1153.jpg-1-1-682x1024.webp 682w\" sizes=\"(max-width: 768px) 100vw, 768px\" \/>\t\t\t\t\t\t\t\t\t\t\t\t\t\t\t<\/div>\n\t\t\t\t<\/div>\n\t\t<div class=\"elementor-element elementor-element-35058fe e-con-full e-flex wpr-particle-no wpr-jarallax-no wpr-parallax-no wpr-sticky-section-no e-con e-child\" data-id=\"35058fe\" data-element_type=\"container\">\n\t\t\t\t<div class=\"elementor-element elementor-element-ef4a9de elementor-invisible elementor-widget elementor-widget-text-editor\" data-id=\"ef4a9de\" data-element_type=\"widget\" data-settings=\"{&quot;_animation&quot;:&quot;fadeIn&quot;}\" data-widget_type=\"text-editor.default\">\n\t\t\t\t\t\t\t\t\t<div class=\"elementor-element elementor-element-70f6f54 elementor-widget elementor-widget-banizzo-title\" data-id=\"70f6f54\" data-element_type=\"widget\" data-widget_type=\"banizzo-title.default\">\n<div class=\"elementor-widget-container\">\n<h2 class=\"sec-title wow animate__ animate__fadeInUp animated\" data-wow-delay=\"0.2s\">Jerome Antoine<\/h2>\n<\/div>\n<\/div>\n<div class=\"elementor-element elementor-element-f74ae68 elementor-widget elementor-widget-banizzo-subtitle\" data-id=\"f74ae68\" data-element_type=\"widget\" data-widget_type=\"banizzo-subtitle.default\">\n<div class=\"elementor-widget-container\">\n<h2 class=\"sec-sub-title wow animate__ animate__fadeInUp animated\" data-wow-delay=\"0.2s\">Manager - Direttore<\/h2>\n<\/div>\n<\/div>\n<div class=\"elementor-element elementor-element-c845b52 elementor-widget elementor-widget-text-editor\" data-id=\"c845b52\" data-element_type=\"widget\" data-widget_type=\"text-editor.default\">\n<div class=\"elementor-widget-container\">\n<p>Jerome Antoine \u00e8 gestore e cofondatore del fondo speculativo EXOCENT.<\/p>\n<p>Imprenditore per natura, ha costantemente creato e sviluppato imprese dall'et\u00e0 di 18 anni, dimostrando un'eccezionale versatilit\u00e0.<\/p>\n<p>Le sue riconosciute capacit\u00e0 e il suo acume commerciale sono stati determinanti per la creazione di reti di distribuzione nei settori delle telecomunicazioni e dei profumi selettivi.<\/p>\n<\/div>\n<\/div>\t\t\t\t\t\t\t\t<\/div>\n\t\t\t\t<div class=\"elementor-element elementor-element-258d258 elementor-widget elementor-widget-button\" data-id=\"258d258\" data-element_type=\"widget\" data-widget_type=\"button.default\">\n\t\t\t\t\t\t\t\t\t\t<a class=\"elementor-button elementor-button-link elementor-size-sm\" href=\"https:\/\/exocent.lu\/it\/squadra\/\">\n\t\t\t\t\t\t<span class=\"elementor-button-content-wrapper\">\n\t\t\t\t\t\t\t\t\t<span class=\"elementor-button-text\">Scoprire il team<\/span>\n\t\t\t\t\t<\/span>\n\t\t\t\t\t<\/a>\n\t\t\t\t\t\t\t\t<\/div>\n\t\t\t\t<\/div>\n\t\t\t\t\t<\/div>\n\t\t\t\t<\/div>\n\t\t\t\t<\/div>","protected":false},"excerpt":{"rendered":"<p>EXOCENT &nbsp;\u203a&nbsp; Rendements Rendements Crypto currencies, ACTIONS, DEVISES &amp; FONDS \u2014 Synth\u00e8se des performances ( TEST ) OBJECTIF DE PLACEMENT Les Cryptos, Tokens, Actions, Devises et Fonds : viser un rendement sup\u00e9rieur aux march\u00e9s mondiaux en exploitant les inefficiences de march\u00e9, identifiant des actifs prometteurs, et diversifiant le portefeuille. Description Exocent Fund applique une analyse complexe aux march\u00e9s des cryptomonnaies et tokens, reconnaissant que leur prix n\u2019est qu\u2019une facette de leur valeur. Nous int\u00e9grons l\u2019impact des biais cognitifs des investisseurs dans notre processus d\u00e9cisionnel. En tirant parti de l\u2019effet momentum et du suivi de tendance (approche top-down), nous orientons la s\u00e9lection. On identifie d\u2019abord les secteurs prometteurs, puis les cryptos, tokens, actions, devises et fonds les plus pertinents au sein de ces secteurs, afin d\u2019offrir des rendements attractifs. Aper\u00e7u Date de cr\u00e9ationExocent Fund : 3 F\u00e9vrier 2025 Style de gestionTechnique et tendance Actifs du Fonds+ millions $ ( En cours ) Principaux titres individuels BITCOIN \u2013 BTC ETHEREUM \u2013 ETH SOLANA \u2013 SOL AVALANCHE \u2013 AVAX LVMH \u2013 MC ROCHE \u2013 RO META (ex-Facebook) GOOGLE \u2013 GOOG BELLECOUR CAPITAL (FONDS) Notes explicatives Les rendements proviennent des performances de toutes les Cryptos, Tokens, Actions, Devises et Fonds d\u00e9tenus par Exocent Fund pour ses investisseurs. Les sc\u00e9narios pr\u00e9sent\u00e9s sont une estimation des performances futures \u00e0 partir des donn\u00e9es du pass\u00e9 et\/ou des conditions actuelles ; ils ne constituent pas un indicateur exact. Les r\u00e9sultats d\u00e9pendent de l\u2019\u00e9volution du march\u00e9 et de la dur\u00e9e de d\u00e9tention. Les performances futures sont soumises \u00e0 l\u2019imp\u00f4t (selon la situation de chacun). R\u00e9sultats bruts de frais. Les r\u00e9sultats futurs peuvent diff\u00e9rer de ceux du pass\u00e9. Tableau non audit\u00e9. Information uniquement : ni recommandation ni conseil, ni offre de souscription. Le capital n\u2019est pas garanti. Lire le contrat social, le contrat de souscription et le DIC. R\u00e9partition par secteurs d\u2019activit\u00e9 (100%) Fonds BELLECOUR CAPITAL33% Devises G1013% ACTIONS \u2265 10 Mds de capitalisation13% Crypto \u2014 Syst\u00e8me Pair-\u00e0-Pair9% Crypto \u2014 DEX (\u00e9changes d\u00e9centralis\u00e9s)8% Crypto \u2014 Contrats intelligents7% Crypto \u2014 Rationalisation des transactions7% Crypto \u2014 Oracles d\u00e9centralis\u00e9s5% Blockchain concurrente d\u2019Ethereum2% Monnaie \u00e9lectronique libre (licence)2% R\u00e8glement brut en temps r\u00e9el1% Les cat\u00e9gories totalisent 100%. Barres anim\u00e9es, lisibles sur mobile, sans chevauchement. Jerome Antoine Gerant &#8211; Administrateur Jerome Antoine assume le r\u00f4le de G\u00e9rant et co-fondateur du Fonds EXOCENT Speculative hedge fund. D\u2019une nature entrepreneuriale, il a constamment cr\u00e9\u00e9 et d\u00e9velopp\u00e9 des entreprises depuis l\u2019\u00e2ge de 18 ans, d\u00e9montrant une polyvalence exceptionnelle. Ses comp\u00e9tences reconnues et son sens commercial ont \u00e9t\u00e9 \u00e0 la base de la mise en place de r\u00e9seaux de distribution dans les secteurs des t\u00e9l\u00e9communications et de la parfumerie s\u00e9lective. D\u00e9couvrir l&rsquo;\u00e9quipe<\/p>","protected":false},"author":2,"featured_media":0,"parent":0,"menu_order":0,"comment_status":"closed","ping_status":"closed","template":"","meta":{"footnotes":""},"class_list":["post-237","page","type-page","status-publish","hentry"],"_links":{"self":[{"href":"https:\/\/exocent.lu\/it\/wp-json\/wp\/v2\/pages\/237","targetHints":{"allow":["GET"]}}],"collection":[{"href":"https:\/\/exocent.lu\/it\/wp-json\/wp\/v2\/pages"}],"about":[{"href":"https:\/\/exocent.lu\/it\/wp-json\/wp\/v2\/types\/page"}],"author":[{"embeddable":true,"href":"https:\/\/exocent.lu\/it\/wp-json\/wp\/v2\/users\/2"}],"replies":[{"embeddable":true,"href":"https:\/\/exocent.lu\/it\/wp-json\/wp\/v2\/comments?post=237"}],"version-history":[{"count":43,"href":"https:\/\/exocent.lu\/it\/wp-json\/wp\/v2\/pages\/237\/revisions"}],"predecessor-version":[{"id":836,"href":"https:\/\/exocent.lu\/it\/wp-json\/wp\/v2\/pages\/237\/revisions\/836"}],"wp:attachment":[{"href":"https:\/\/exocent.lu\/it\/wp-json\/wp\/v2\/media?parent=237"}],"curies":[{"name":"wp","href":"https:\/\/api.w.org\/{rel}","templated":true}]}}