{"id":257,"date":"2025-08-27T18:29:16","date_gmt":"2025-08-27T16:29:16","guid":{"rendered":"http:\/\/dev.exocent.lu\/?page_id=257"},"modified":"2025-09-01T18:10:36","modified_gmt":"2025-09-01T16:10:36","slug":"ip-address-and-cookie-policy","status":"publish","type":"page","link":"https:\/\/exocent.lu\/en\/ip-address-and-cookie-policy\/","title":{"rendered":"ip address and cookie policy"},"content":{"rendered":"<div data-elementor-type=\"wp-page\" data-elementor-id=\"257\" class=\"elementor elementor-257\" data-elementor-post-type=\"page\">\n\t\t\t\t<div class=\"elementor-element elementor-element-51e2b7a e-flex e-con-boxed wpr-particle-no wpr-jarallax-no wpr-parallax-no wpr-sticky-section-no e-con e-parent\" data-id=\"51e2b7a\" data-element_type=\"container\">\n\t\t\t\t\t<div class=\"e-con-inner\">\n\t\t\t\t<div class=\"elementor-element elementor-element-98db9f1 elementor-widget elementor-widget-html\" data-id=\"98db9f1\" data-element_type=\"widget\" data-widget_type=\"html.default\">\n\t\t\t\t\t<!-- PAGE : IP Address and Cookie Policy (fond blanc, Arial noir) -->\r\n<div class=\"privacy\" role=\"document\" aria-label=\"IP Address and Cookie Policy\">\r\n  <style>\r\n    .privacy {\r\n      --fg: #111;\r\n      --muted: #555;\r\n      --line: #e9e9e9;\r\n      font-family: Arial, Helvetica, sans-serif;\r\n      color: var(--fg);\r\n      background: #fff;\r\n    }\r\n    .privacy .wrap {\r\n      max-width: 900px;\r\n      margin: 0 auto;\r\n      padding: 36px 22px;\r\n    }\r\n    .privacy h1 {\r\n      font-size: 30px;\r\n      line-height: 1.2;\r\n      margin: 0 0 16px;\r\n    }\r\n    .privacy h2 {\r\n      font-size: 22px;\r\n      margin: 26px 0 10px;\r\n    }\r\n    .privacy h3 {\r\n      font-size: 18px;\r\n      margin: 18px 0 8px;\r\n    }\r\n    .privacy p {\r\n      margin: 10px 0;\r\n      line-height: 1.75;\r\n    }\r\n    .privacy ul {\r\n      margin: 10px 0 10px 22px;\r\n    }\r\n    .privacy li {\r\n      margin: 6px 0;\r\n      line-height: 1.7;\r\n    }\r\n    .privacy .hr {\r\n      height: 1px;\r\n      background: linear-gradient(90deg, transparent, var(--line), transparent);\r\n      margin: 22px 0;\r\n      border: 0;\r\n    }\r\n    .privacy .toc {\r\n      display: flex;\r\n      flex-wrap: wrap;\r\n      gap: 10px;\r\n      margin: 6px 0 18px;\r\n    }\r\n    .privacy .toc a {\r\n      font-size: 13px;\r\n      padding: 8px 10px;\r\n      border: 1px solid var(--line);\r\n      border-radius: 999px;\r\n      color: var(--fg);\r\n      text-decoration: none;\r\n    }\r\n    .privacy .toc a:hover {\r\n      background: #f6f6f6;\r\n    }\r\n    html {\r\n      scroll-behavior: smooth;\r\n    }\r\n  <\/style>\r\n\r\n  <div class=\"wrap\">\r\n    <h1>IP Address and Cookie Policy<\/h1>\r\n\r\n    <!-- Sommaire interactif -->\r\n    <nav class=\"toc\" aria-label=\"Table of contents\">\r\n      <a href=\"#intro\">Introduction<\/a>\r\n      <a href=\"#visit\">Visit to the website<\/a>\r\n      <a href=\"#whatis\">What is an IP address?<\/a>\r\n      <a href=\"#collect\">How do we collect your IP address<\/a>\r\n      <a href=\"#use\">What do we do with your IP address?<\/a>\r\n      <a href=\"#cookies\">What are cookies?<\/a>\r\n      <a href=\"#cookies-data\">What info do we collect from cookies?<\/a>\r\n      <a href=\"#cookies-accept\">Acceptance and blocking of cookies<\/a>\r\n      <a href=\"#social-media\">Social media features<\/a>\r\n    <\/nav>\r\n\r\n    <div class=\"hr\" aria-hidden=\"true\"><\/div>\r\n\r\n    <h2 id=\"intro\">Introduction<\/h2>\r\n    <p>Exocent Speculative Hedge Fund SCSp, a Luxembourg special limited partnership...<\/p>\r\n    <ul>\r\n      <li>personal information, including your name and surname; and<\/li>\r\n      <li>aggregate information generated from cookies and your IP address.<\/li>\r\n    <\/ul>\r\n    <p>By using the site, you agree to this policy...<\/p>\r\n\r\n    <h2 id=\"visit\">2.1 What happens when you visit the website<\/h2>\r\n    <p>When you boot or restart your computer, you are assigned an IP address...<\/p>\r\n\r\n    <h2 id=\"whatis\">2.2 What is an IP address?<\/h2>\r\n    <p>An IP address is your computer's unique address on the Internet...<\/p>\r\n\r\n    <h2 id=\"collect\">2.3 How do we collect your IP address<\/h2>\r\n    <p>Each time you visit a page, your computer sends a request with your IP as return address...<\/p>\r\n\r\n    <h2 id=\"use\">2.4 What do we do with your IP address?<\/h2>\r\n    <p>We use IP data for analytics, geographic statistics, diagnostics and improving user experience...<\/p>\r\n\r\n    <h2 id=\"cookies\">3.1 What are cookies?<\/h2>\r\n    <p>Cookies are small text files stored on your device to help websites remember you...<\/p>\r\n\r\n    <h2 id=\"cookies-data\">3.2 What info do we collect from cookies?<\/h2>\r\n    <ul>\r\n      <li>Date and duration of visit<\/li>\r\n      <li>Pages viewed<\/li>\r\n      <li>Your IP address<\/li>\r\n      <li>Browser and OS version<\/li>\r\n    <\/ul>\r\n\r\n    <h2 id=\"cookies-accept\">3.3 Acceptance and blocking of cookies<\/h2>\r\n    <p>You can refuse or delete cookies via your browser settings. This may impact your experience.<\/p>\r\n\r\n    <h2 id=\"social-media\">Social media features and widgets<\/h2>\r\n    <p>The website may include social media plugins that collect your IP and cookie data...<\/p>\r\n  <\/div>\r\n<\/div>\r\n\t\t\t\t<\/div>\n\t\t\t\t\t<\/div>\n\t\t\t\t<\/div>\n\t\t\t\t<\/div>","protected":false},"excerpt":{"rendered":"<p>IP Address and Cookie Policy Introduction Visit to the website What is an IP address? How do we collect your IP address What do we do with your IP address? What are cookies? What info do we collect from cookies? Acceptance and blocking of cookies Social media features Introduction Exocent Speculative Hedge Fund SCSp, a Luxembourg special limited partnership (soci\u00e9t\u00e9 commandite sp\u00e9ciale)&#8230; personal information, including your name and surname; and aggregate information generated from cookies and your IP address. By using the site, you agree to this policy&#8230; 2.1 What happens when you visit the website When you boot or restart your computer, you are assigned an IP address&#8230; 2.2 What is an IP address? An IP address is your computer\u2019s unique address on the Internet&#8230; 2.3 How do we collect your IP address Each time you visit a page, your computer sends a request with your IP as return address&#8230; 2.4 What do we do with your IP address? We use IP data for analytics, geographic statistics, diagnostics and improving user experience&#8230; 3.1 What are cookies? Cookies are small text files stored on your device to help websites remember you&#8230; 3.2 What info do we collect from cookies? Date and duration of visit Pages viewed Your IP address Browser and OS version 3.3 Acceptance and blocking of cookies You can refuse or delete cookies via your browser settings. This may impact your experience. Social media features and widgets The website may include social media plugins that collect your IP and cookie data&#8230;<\/p>","protected":false},"author":2,"featured_media":0,"parent":0,"menu_order":0,"comment_status":"closed","ping_status":"closed","template":"","meta":{"footnotes":""},"class_list":["post-257","page","type-page","status-publish","hentry"],"_links":{"self":[{"href":"https:\/\/exocent.lu\/en\/wp-json\/wp\/v2\/pages\/257","targetHints":{"allow":["GET"]}}],"collection":[{"href":"https:\/\/exocent.lu\/en\/wp-json\/wp\/v2\/pages"}],"about":[{"href":"https:\/\/exocent.lu\/en\/wp-json\/wp\/v2\/types\/page"}],"author":[{"embeddable":true,"href":"https:\/\/exocent.lu\/en\/wp-json\/wp\/v2\/users\/2"}],"replies":[{"embeddable":true,"href":"https:\/\/exocent.lu\/en\/wp-json\/wp\/v2\/comments?post=257"}],"version-history":[{"count":7,"href":"https:\/\/exocent.lu\/en\/wp-json\/wp\/v2\/pages\/257\/revisions"}],"predecessor-version":[{"id":671,"href":"https:\/\/exocent.lu\/en\/wp-json\/wp\/v2\/pages\/257\/revisions\/671"}],"wp:attachment":[{"href":"https:\/\/exocent.lu\/en\/wp-json\/wp\/v2\/media?parent=257"}],"curies":[{"name":"wp","href":"https:\/\/api.w.org\/{rel}","templated":true}]}}