{"id":255,"date":"2025-08-27T18:28:18","date_gmt":"2025-08-27T16:28:18","guid":{"rendered":"http:\/\/dev.exocent.lu\/?page_id=255"},"modified":"2025-09-01T17:39:28","modified_gmt":"2025-09-01T15:39:28","slug":"datenschutzhinweis","status":"publish","type":"page","link":"https:\/\/exocent.lu\/de\/datenschutzhinweis\/","title":{"rendered":"DATENSCHUTZHINWEIS"},"content":{"rendered":"<div data-elementor-type=\"wp-page\" data-elementor-id=\"255\" class=\"elementor elementor-255\" data-elementor-post-type=\"page\">\n\t\t\t\t<div class=\"elementor-element elementor-element-fb149cf e-flex e-con-boxed wpr-particle-no wpr-jarallax-no wpr-parallax-no wpr-sticky-section-no e-con e-parent\" data-id=\"fb149cf\" data-element_type=\"container\">\n\t\t\t\t\t<div class=\"e-con-inner\">\n\t\t\t\t<div class=\"elementor-element elementor-element-c608d18 elementor-widget elementor-widget-html\" data-id=\"c608d18\" data-element_type=\"widget\" data-widget_type=\"html.default\">\n\t\t\t\t\t<!-- PAGE : Data Privacy (fond blanc, Arial noir) -->\r\n<div class=\"privacy\" role=\"document\" aria-label=\"Data Privacy Notice\">\r\n  <style>\r\n    .privacy{ --fg:#111; --muted:#555; --line:#e9e9e9; font-family:Arial, Helvetica, sans-serif; color:var(--fg); background:#fff; }\r\n    .privacy .wrap{max-width:900px;margin:0 auto;padding:36px 22px}\r\n    .privacy h1{font-size:30px;line-height:1.2;margin:0 0 16px}\r\n    .privacy h2{font-size:22px;margin:26px 0 10px}\r\n    .privacy h3{font-size:18px;margin:18px 0 8px}\r\n    .privacy p{margin:10px 0;line-height:1.75}\r\n    .privacy ul{margin:10px 0 10px 22px}\r\n    .privacy li{margin:6px 0; line-height:1.7}\r\n    .privacy .hr{height:1px;background:linear-gradient(90deg,transparent,var(--line),transparent);margin:22px 0;border:0}\r\n    .privacy .toc{display:flex;flex-wrap:wrap;gap:10px;margin:6px 0 18px}\r\n    .privacy .toc a{font-size:13px;padding:8px 10px;border:1px solid var(--line);border-radius:999px;color:var(--fg);text-decoration:none}\r\n    .privacy .toc a:hover{background:#f6f6f6}\r\n    html{scroll-behavior:smooth}\r\n  <\/style>\r\n\r\n  <div class=\"wrap\">\r\n    <h1>Data Privacy Notice<\/h1>\r\n\r\n    <!-- Sommaire -->\r\n    <nav class=\"toc\" aria-label=\"Inhaltsverzeichnis\">\r\n      <a href=\"#legal-framework\">Legal Framework<\/a>\r\n      <a href=\"#general-requirements\">Allgemeine Anforderungen<\/a>\r\n      <a href=\"#controller-contact\">Wer ist der Datenverantwortliche und wer ist zu kontaktieren?<\/a>\r\n      <a href=\"#personal-data\">Welche Art von pers\u00f6nlichen Daten werden verarbeitet?<\/a>\r\n      <a href=\"#recipients\">Wie erhalten wir Ihre pers\u00f6nlichen Daten und wer sind die Empf\u00e4nger?<\/a>\r\n      <a href=\"#purposes\">Zu welchen Zwecken verarbeiten wir Ihre pers\u00f6nlichen Daten?<\/a>\r\n      <a href=\"#automated\">Automatisierte Entscheidungsfindung<\/a>\r\n      <a href=\"#retention\">Wie lange bewahren wir Ihre pers\u00f6nlichen Daten auf?<\/a>\r\n      <a href=\"#rights\">Rechte des Datensubjekts<\/a>\r\n      <a href=\"#transfers\">Daten\u00fcbermittlung au\u00dferhalb des Europ\u00e4ischen Wirtschaftsraums<\/a>\r\n      <a href=\"#changes\">\u00c4nderungen an der Datenschutzerkl\u00e4rung und der Informationspflicht<\/a>\r\n      <a href=\"#additional\">Zus\u00e4tzliche Informationen<\/a>\r\n    <\/nav>\r\n\r\n    <div class=\"hr\" aria-hidden=\"true\"><\/div>\r\n\r\n    <h2 id=\"legal-framework\">Legal Framework<\/h2>\r\n    <p>Gem\u00e4\u00df den Bestimmungen der Verordnung (EU) 2016\/679 des Europ\u00e4ischen Parlaments und des Rates vom 27. April 2016 \u00fcber den Schutz nat\u00fcrlicher Personen bei der Verarbeitung personenbezogener Daten und zum freien Datenverkehr und zur Aufhebung der Richtlinie 95\/46\/EG (\"GDPR\") sowie aller Gesetze, Rundschreiben oder Verordnungen im Zusammenhang mit GDPR in der jeweils geltenden Fassung k\u00f6nnen personenbezogene Daten von Exocent Fund, GFIA und ihren Dienstleistern verarbeitet werden.<\/p>\r\n    <p>Exocent Fund und GFIA werden als Datenkontrolleure fungieren.<\/p>\r\n    <p>Gem\u00e4\u00df Artikel 13 und 14 GDPR m\u00fcssen einige Informationen, die in diesem Hinweis n\u00e4her erl\u00e4utert werden, vom Datenverwalter an Data Subjects weitergegeben werden.<\/p>\r\n    <p>Data Subjects should be understood as identified or identifiable natural persons whose personal data is processed by Exocent Fund\/the General Partner, or by UCI Administrator and Domiciliary Agent as data processors (the \"Data Processors\") on behalf of the Exocent Fund, such as (i) the limited partners of Exocent Fund, their ultimate beneficial owners, directors, agents, authorized representatives, ihre designierten Kontaktpersonen (die \"Investoren\"), (ii) die ultimativen wirtschaftlichen Eigent\u00fcmer, Direktoren, Agenten, bevollm\u00e4chtigten Vertreter, Mitglieder von Anlageaussch\u00fcssen oder Beratungsaussch\u00fcssen und designierten Kontaktpersonen des General Partners, des Exocent Fund, der Dienstleister oder der Portfolioinvestitionen des Exocent Fund (die \"Vertreter\" und zusammen mit den Investoren die \"Datensubjekte\").<\/p>\r\n    <p>Die Datenverarbeiter k\u00f6nnen auch als unabh\u00e4ngige Datenkontrolleure fungieren, wenn sie die Zwecke und Mittel der Verarbeitung festlegen.<\/p>\r\n    <p>Pers\u00f6nliche Daten sollten als alle Informationen (wie in Abschnitt 2.2. unten n\u00e4her erl\u00e4utert) verstanden werden, die sich auf ein identifiziertes oder identifizierbares Datensubjekt (die \"pers\u00f6nlichen Daten\") beziehen.<\/p>\r\n\r\n    <h2 id=\"general-requirements\">Allgemeine Anforderungen<\/h2>\r\n    <h3 id=\"controller-contact\">Wer ist der Datenverantwortliche und wer ist zu kontaktieren?<\/h3>\r\n    <p>Exocent Fund\/die GFIA fungiert als Datenverantwortlicher, der den Zweck und die Mittel der Verarbeitung festlegt.<\/p>\r\n    <p>The data controller and the service providers collect, store and process by electronic or other means the Personal Data supplied by the Data Subjects, for the purpose of: (i) fulfilling the services related to an investment in Exocent Fund by the Investors; (ii) performing services for the General Partner and Exocent Fund; and (ii) to comply with their legal obligations and specifically in compliance with the provisions of GDPR.<\/p>\r\n    <p>Data Subjects, die sich mit dem Data Controller in Verbindung setzen m\u00f6chten, sollten dies tun:<\/p>\r\n    <p><strong>In writing at the following address:<\/strong> Exocent Partners GP SA.<br>\r\n    22, Rue Jean Wolter, L - 3544 Dudelange, Grand Duchy of Luxembourg: Board of Directors<\/p>\r\n    <p>You have the right to lodge a complaint at any time to the competent supervisory authority on data protection matters, such as in particular the supervisory authority in the place of your habitual residence or your place of work. Im Fall von Luxemburg ist dies die Commission Nationale pour la Protection des Donn\u00e9es (\"CNPD\"). Wir w\u00fcrden uns jedoch \u00fcber die Gelegenheit freuen, Ihre Bedenken zu besprechen, bevor Sie sich der Aufsichtsbeh\u00f6rde n\u00e4hern. Bitte kontaktieren Sie uns daher in der ersten Instanz.<\/p>\r\n\r\n    <h2 id=\"personal-data\">Welche Art von pers\u00f6nlichen Daten werden verarbeitet?<\/h2>\r\n    <p>Pers\u00f6nliche Daten umfassen, sind aber nicht beschr\u00e4nkt auf: Name, Adresse, Reisepass- oder Identifikationskartendetails, Bankkontodaten, Geldbetrag und finanzielle Situation jedes Datensubjekts.<\/p>\r\n    <p>Insbesondere die pers\u00f6nlichen Daten der verarbeiteten Datensubjekte umfassen, sind aber nicht darauf beschr\u00e4nkt, die folgenden Kategorien:<\/p>\r\n    <ul>\r\n      <li>Identifikationsdaten (z. B. Name, Geburtsdatum, Geburtsort, Geschlecht, Familienstand, E-Mail-Adresse, Postanschrift, Telefonnummer, Land des Wohnsitzes, Reisepass, Identit\u00e4tskarte, Steuernummer und Bankkontodaten);<\/li>\r\n      <li>contact details;<\/li>\r\n      <li>Quelle des Reichtums;<\/li>\r\n      <li>spezifische pers\u00f6nliche und berufliche Informationen, wenn das Datenobjekt ein Vertreter ist; und<\/li>\r\n      <li>jede andere Information, die von den Datensubjekten im Zusammenhang mit den f\u00fcr sie erbrachten Dienstleistungen bereitgestellt wird.<\/li>\r\n    <\/ul>\r\n\r\n    <h2 id=\"recipients\">Wie erhalten wir Ihre pers\u00f6nlichen Daten und wer sind die Empf\u00e4nger?<\/h2>\r\n    <p>Pers\u00f6nliche Daten k\u00f6nnen von Exocent Fund, dem General Partner und ihren Dienstleistern gesammelt, gespeichert, angepasst, \u00fcbertragen oder anderweitig verarbeitet werden.<\/p>\r\n    <p>Pers\u00f6nliche Daten werden entweder direkt vom Datensubjekt oder \u00fcber Dienstleister empfangen.<\/p>\r\n    <p>Die folgenden Parteien k\u00f6nnen Zugriff auf die personenbezogenen Daten haben:<\/p>\r\n    <ul>\r\n      <li>Exocent Fund;<\/li>\r\n      <li>The General Partner;<\/li>\r\n      <li>UCI Administrator;<\/li>\r\n      <li>Forvis Mazars; und<\/li>\r\n      <li>Swissquote Bank Europe SA.<\/li>\r\n    <\/ul>\r\n    <p>Any affiliates or delegates of the foregoing, the employees of those entities, the appointed legal and professional advisers of those entities may also have access to the Personal Data, in connection with the operations of the General Partner or Exocent Fund.<\/p>\r\n    <p>The data controller(s) may sub-contract to another entity, the data processor (such as the service providers), the processing of Personal Data. Die Datenverarbeiter k\u00f6nnen auch Sub-Prozessoren beauftragen.<\/p>\r\n    <p>When the data controller(s) use data processors (such as the service providers), the data controller(s) shall ensure that such data processors provide sufficient guarantees to implement appropriate technical and organisational measures and that such processing on behalf of the data controller(s) meets the requirements of GDPR and ensure the protection of the rights of the Data Subjects.<\/p>\r\n    <p>Wenn die Informationen nicht direkt vom betroffenen Datensubjekt gesammelt werden, wird die Person, die die pers\u00f6nlichen Daten bereitstellt, sicherstellen, dass das betroffene Datensubjekt \u00fcber die Verarbeitung seiner pers\u00f6nlichen Daten und seine damit verbundenen Rechte informiert wird. The person providing the Personal Data shall transfer the information described in this privacy notice to the relevant Data Subject(s) so they can properly exercise their rights.<\/p>\r\n\r\n    <h2 id=\"purposes\">Zu welchen Zwecken verarbeiten wir Ihre pers\u00f6nlichen Daten?<\/h2>\r\n    <h3>F\u00fcr die Zwecke einer vertraglichen Verpflichtung<\/h3>\r\n    <p>Wir verarbeiten Ihre pers\u00f6nlichen Daten im Zusammenhang mit Ihrer Investition in den Exocent Fund. Die ben\u00f6tigten Informationen sind f\u00fcr Sie notwendig, um eine Investition in den Exocent Fund zu t\u00e4tigen. In diesem Zusammenhang k\u00f6nnen Ihre pers\u00f6nlichen Daten zu den folgenden Zwecken verarbeitet werden:<\/p>\r\n    <ul>\r\n      <li>das Register der Partner des Exocent Fund zu f\u00fchren; und<\/li>\r\n      <li>Bearbeitung von Subskriptionen und R\u00fccknahmen von Anteilen und Auszahlung von Aussch\u00fcttungen an die Partner des Exocent Fund.<\/li>\r\n    <\/ul>\r\n    <p>We process your Personal Data in relation to your mandate\/role as Representative.<\/p>\r\n    <h3>For compliance with laws and regulations<\/h3>\r\n    <p>Exocent Fund, the General Partner, the service providers and any of their affiliates are subject to various legal obligations pursuant to statutory (e.g. laws of the financial sector, anti-money laundering and combating the financing of terrorism laws, tax laws) and regulatory requirements.<\/p>\r\n    <p>This covers processing of your Personal Data for compliance with applicable laws such as the applicable legislation on Know-Your-Customer (\"KYC\") and anti-money laundering and combating the financing of terrorism (\"AML\/CFT\"), compliance with requests from or requirements of local or foreign regulatory enforcement authorities, Tax Identification and Reporting (where appropriate) notably under Council Directive 2011\/16\/EU on administrative cooperation in the field of taxation (as amended by Council Directive 2014\/107\/EU), the OECD's standard for automatic exchange of financial account information commonly referred as the Common Reporting Standard, for Foreign Account Tax and Compliance Act purposes, for the automatic exchange of information and any other exchange of information regime to which we may be subject to from time to time.<\/p>\r\n    <p>Your Personal Data may be shared with Luxembourg tax authorities (or service providers for the purpose of reporting) and may be forwarded by the latter to foreign tax authorities (failure to provide correct information to us or to respond may result in incorrect or double reporting).<\/p>\r\n\r\n    <h2 id=\"automated\">Automatisierte Entscheidungsfindung<\/h2>\r\n    <p>Data Subjects sollten beachten, dass die pers\u00f6nlichen Daten nicht f\u00fcr Direktmarketing, Profiling oder automatische Entscheidungsfindung verwendet werden.<\/p>\r\n\r\n    <h2 id=\"retention\">Wie lange bewahren wir Ihre pers\u00f6nlichen Daten auf?<\/h2>\r\n    <p>Ihre pers\u00f6nlichen Daten werden in einer Form aufbewahrt, die ihre Identifizierung f\u00fcr die Dauer der Dienstleistung, f\u00fcr die sie erhoben wurden (d.h. f\u00fcr die Dauer Ihrer Investition in den Exocent Fund, eine von Exocent Fund get\u00e4tigte Portfolioinvestition oder die Dauer Ihres Mandats) und f\u00fcr die Dauer der vom anwendbaren Recht geforderten Zeit erm\u00f6glicht.<\/p>\r\n    <p>Luxembourg laws relating to KYC and AML\/CFT requires that documents be retained for a period of five (5) or ten (10) years (depending on the specific processing) after the relationship has come to an end and as advisable in light of an applicable statute of limitations.<\/p>\r\n\r\n    <h2 id=\"rights\">Rechte des Datensubjekts<\/h2>\r\n    <p>Jedes Datensubjekt hat:<\/p>\r\n    <ul>\r\n      <li>a) ein Recht auf Zugang zu ihren eigenen personenbezogenen Daten, die von oder im Auftrag des\/der Data Controller(s) verarbeitet werden. Data Subjects sollten ihre Antr\u00e4ge wie in Abschnitt 2.1 beschrieben einreichen;<\/li>\r\n      <li>b) ein Recht darauf, dass seine\/ihre pers\u00f6nlichen Daten berichtigt werden, wenn sie unrichtig oder unvollst\u00e4ndig sind;<\/li>\r\n      <li>c) ein Recht auf L\u00f6schung (right to be forgotten) seiner\/ihrer personenbezogenen Daten gem\u00e4\u00df den Bestimmungen von Artikel 17 der GDPR, insbesondere in den folgenden Situationen: (i) wenn die personenbezogenen Daten im Zusammenhang mit der Subskription des Anlegers in den Exocent Fund, den vom Exocent Fund investierten Portfoliounternehmen oder einem Mandat im General Partner oder Exocent Fund nicht mehr erforderlich sind; und (ii) wenn die Subject Data Objekte zur Verarbeitung seiner\/ihrer personenbezogenen Daten sind und es keine \u00fcbergeordneten legitimen Gr\u00fcnde f\u00fcr die Verarbeitung gibt; und (iii) wenn die Daten unrechtm\u00e4\u00dfig verarbeitet wurden;<\/li>\r\n      <li>d) ein Recht, eine Einschr\u00e4nkung der Verarbeitung gem\u00e4\u00df den Bestimmungen von Artikel 18 der GDPR zu beantragen;<\/li>\r\n      <li>e) ein Recht auf Beschwerde beim CNPD oder der zust\u00e4ndigen Beh\u00f6rde des Mitgliedstaats, in dem der Betroffene seinen Wohnsitz hat oder gem\u00e4\u00df Artikel 77 GDPR arbeitet; und<\/li>\r\n      <li>f) ein Recht darauf, die ihn betreffenden personenbezogenen Daten zu erhalten oder zu beantragen, dass sie an einen anderen Datenverwalter weitergeleitet werden, wenn dies m\u00f6glich ist, gem\u00e4\u00df den Bestimmungen von Artikel 20 GDPR.<\/li>\r\n    <\/ul>\r\n    <p>To make any of the above requests you need to put the request in writing addressing it as set out in section 2.1 of this notice.<\/p>\r\n\r\n    <h2 id=\"transfers\">Daten\u00fcbermittlung au\u00dferhalb des Europ\u00e4ischen Wirtschaftsraums<\/h2>\r\n    <p>Personal Data of the Data Subjects may be processed by the service providers or their sub-processors in accordance with the permitted purposes as set out in the Issuing Document of Exocent Fund and subscription agreement of Exocent Fund, including where such authorised entities are located outside Luxembourg or the European Union, in jurisdictions where confidentiality and Personal Data protection laws might not exist or be of a lower standard than in the European Union. In this case, any transfer of Personal Data to a third country shall take place only if appropriate or suitable safeguards for the Data Subjects have been put in place the service provider transferring Personal Data shall enter into a data transfer agreement in the form of the EU Commission approved model contractual clauses (as amended from time to time) or shall take any other measures satisfying the requirements of the Data Protection Law for such disclosure, contractually ensuring that the Personal Data is protected in a manner which is equivalent to the protection offered pursuant to Luxembourg data protection laws. Der Betroffene kann eine Kopie der Liste der L\u00e4nder, in denen seine\/ihre pers\u00f6nlichen Daten verarbeitet werden d\u00fcrfen, an der eingetragenen Adresse des Exocent Fund erhalten.<\/p>\r\n\r\n    <h2 id=\"changes\">\u00c4nderungen an der Datenschutzerkl\u00e4rung und Ihre Pflicht, uns \u00fcber \u00c4nderungen zu informieren<\/h2>\r\n    <p>Es ist unerl\u00e4sslich, dass die von uns \u00fcber Sie gespeicherten pers\u00f6nlichen Daten zu jeder Zeit korrekt und aktuell sind. Andernfalls kann dies unsere F\u00e4higkeit beeintr\u00e4chtigen, Ihnen die gew\u00fcnschten Dienstleistungen zu erbringen (neben anderen potenziellen und begr\u00fc\u00dfenswerten Problemen). Bitte halten Sie uns auf dem Laufenden, wenn sich Ihre pers\u00f6nlichen Daten im Laufe unserer Zusammenarbeit und Gesch\u00e4ftsbeziehung mit Ihnen \u00e4ndern.<\/p>\r\n    <p>\u00c4nderungen zu diesem Datenschutzhinweis werden im eingetragenen B\u00fcro des Exocent Fund und auf dieser Website zug\u00e4nglich gemacht.<\/p>\r\n\r\n    <h2 id=\"additional\">Zus\u00e4tzliche Informationen<\/h2>\r\n    <p>Exocent Fund oder der General Partner k\u00f6nnen die Datensubjekte auffordern, zus\u00e4tzliche oder aktualisierte Identifikationsdokumente von Zeit zu Zeit im Rahmen der laufenden Sorgfaltspflicht des Kunden gem\u00e4\u00df den einschl\u00e4gigen Gesetzen, Vorschriften und Rundschreiben vorzulegen, und die Datensubjekte m\u00fcssen solchen Aufforderungen nachkommen. Data Subjects should note that the data processed may be obtained from, the service providers, or from public registers, when available. Data Subjects should be aware that the information provided here above may be subject to changes.<\/p>\r\n  <\/div>\r\n<\/div>\r\n\t\t\t\t<\/div>\n\t\t\t\t\t<\/div>\n\t\t\t\t<\/div>\n\t\t\t\t<\/div>","protected":false},"excerpt":{"rendered":"<p>Data Privacy Notice Legal Framework General Requirements Who is the data controller and who to contact? What kind of Personal Data is processed? How do we receive your Personal Data and who are the recipients? For which purposes do we process your Personal Data? Automated decision making For how long do we keep your Personal Data? Rights of the Data Subject Transfer of data outside European Economic Area Changes to the privacy notice and duty to inform Additional information Legal Framework In accordance with the provisions of the Regulation (EU) 2016\/679 of the European Parliament and of the Council of 27 April 2016 on the protection of natural persons with regard to the processing of personal data and on the free movement of such data, and repealing Directive 95\/46\/EC (\u201cGDPR\u201d) and any law, circular or regulation in the context of GDPR, as amended from time to time, personal data may be processed by Exocent Fund, the GFIA, and their service providers. Exocent Fund and GFIA will act as data controller. In accordance with articles 13 and 14 of GDPR, some information, as detailed in the present notice, must be provided by the data controller to Data Subjects. Data Subjects should be understood as identified or identifiable natural persons whose personal data is processed by Exocent Fund\/the General Partner, or by UCI Administrator and Domiciliary Agent as data processors (the \u201cData Processors\u201d) on behalf of the Exocent Fund, such as (i) the limited partners of Exocent Fund, their ultimate beneficial owners, directors, agents, authorised representatives, their designated contact persons (the \u201cInvestors\u201d), (ii) the ultimate beneficial owners, directors, agents, authorised representatives, members of investment committees or advisory committees and designated contact persons of the General Partner, Exocent Fund, service providers or the portfolio investments of Exocent Fund (the \u201cRepresentatives\u201d and together with the Investors, the \u201cData Subjects\u201d). The Data Processors may also act as independent data controllers when they determine the purposes and means of processing. Personal data should be understood as any information (as more detailed in section 2.2. below) relating to an identified or identifiable Data Subject (the \u201cPersonal Data\u201d). General Requirements Who is the data controller and who to contact? Exocent Fund\/the GFIA acts as data controller, determining the purpose and means of processing. The data controller and the service providers collect, store and process by electronic or other means the Personal Data supplied by the Data Subjects, for the purpose of: (i) fulfilling the services related to an investment in Exocent Fund by the Investors; (ii) performing services for the General Partner and Exocent Fund; and (ii) to comply with their legal obligations and specifically in compliance with the provisions of GDPR. Data Subjects who wish to contact the data controller should contact: In writing at the following address: Exocent Partners GP SA. 22, Rue Jean Wolter, L \u2013 3544 Dudelange, Grand Duchy of Luxembourg : Board of Directors You have the right to lodge a complaint at any time to the competent supervisory authority on data protection matters, such as in particular the supervisory authority in the place of your habitual residence or your place of work. In the case of Luxembourg, this is the Commission Nationale pour la Protection des Donn\u00e9es (\u201cCNPD\u201d). We would, however, appreciate the opportunity to deal with your concerns before you approach the supervisory authority, so please contact us in the first instance. What kind of Personal Data is processed? Personal Data includes, but it is not limited to: the name, address, passport or identification card details, bank account details, granted amount and financial situation of each Data Subject. In particular the Personal Data of the Data Subjects processed includes, but it is not limited to, the following categories: identification data (e.g. name, date of birth, place of birth, gender, marital status, e-mail, postal address, telephone number, country of residence, passport, identity card, tax identification number and bank account details); contact details; source of wealth; specific personal and professional information when the Data Subject is a Representative; and any other information provided by the Data Subjects in the context of services provided to them. How do we receive your Personal Data and who are the recipients? Personal Data may be collected, recorded, stored, adapted, transferred or otherwise processed by Exocent Fund, the General Partner and their service providers. Personal Data is received either directly from the Data Subject or through service providers. The following parties may have access to the Personal Data: Exocent Fund; The General Partner; UCI Administrator; Forvis Mazars; and Swissquote Bank Europe SA. Any affiliates or delegates of the foregoing, the employees of those entities, the appointed legal and professional advisers of those entities may also have access to the Personal Data, in connection with the operations of the General Partner or Exocent Fund. The data controller(s) may sub-contract to another entity, the data processor (such as the service providers), the processing of Personal Data. The data processors may also engage sub-processors. When the data controller(s) use data processors (such as the service providers), the data controller(s) shall ensure that such data processors provide sufficient guarantees to implement appropriate technical and organisational measures and that such processing on behalf of the data controller(s) meet the requirements of GDPR and ensure the protection of the rights of the Data Subjects. When information is not collected directly from the Data Subject, the person providing the Personal Data shall ensure to inform the end Data Subject about the processing of his\/her Personal Data and his\/her related rights. The person providing the Personal Data shall transfer the information described in this privacy notice to the relevant Data Subject(s) so they can properly exercise their rights. For which purposes do we process your Personal Data? For the purposes of a contractual obligation We process your Personal Data in relation to your investment in Exocent Fund. The information required is necessary for you to make an investment in Exocent Fund. In this regard Personal Data may be processed for the following purposes: maintaining the<\/p>","protected":false},"author":2,"featured_media":0,"parent":0,"menu_order":0,"comment_status":"closed","ping_status":"closed","template":"","meta":{"footnotes":""},"class_list":["post-255","page","type-page","status-publish","hentry"],"_links":{"self":[{"href":"https:\/\/exocent.lu\/de\/wp-json\/wp\/v2\/pages\/255","targetHints":{"allow":["GET"]}}],"collection":[{"href":"https:\/\/exocent.lu\/de\/wp-json\/wp\/v2\/pages"}],"about":[{"href":"https:\/\/exocent.lu\/de\/wp-json\/wp\/v2\/types\/page"}],"author":[{"embeddable":true,"href":"https:\/\/exocent.lu\/de\/wp-json\/wp\/v2\/users\/2"}],"replies":[{"embeddable":true,"href":"https:\/\/exocent.lu\/de\/wp-json\/wp\/v2\/comments?post=255"}],"version-history":[{"count":4,"href":"https:\/\/exocent.lu\/de\/wp-json\/wp\/v2\/pages\/255\/revisions"}],"predecessor-version":[{"id":656,"href":"https:\/\/exocent.lu\/de\/wp-json\/wp\/v2\/pages\/255\/revisions\/656"}],"wp:attachment":[{"href":"https:\/\/exocent.lu\/de\/wp-json\/wp\/v2\/media?parent=255"}],"curies":[{"name":"wp","href":"https:\/\/api.w.org\/{rel}","templated":true}]}}